{"id":895,"date":"2026-03-20T19:42:24","date_gmt":"2026-03-20T19:42:24","guid":{"rendered":"https:\/\/demo.worimex.com\/?page_id=895"},"modified":"2026-04-01T21:21:33","modified_gmt":"2026-04-01T18:21:33","slug":"operations","status":"publish","type":"page","link":"https:\/\/worimex.com\/en\/operations\/","title":{"rendered":"Operations"},"content":{"rendered":"<div class=\"wpb-content-wrapper\"><div data-vc-full-width=\"true\" data-vc-full-width-temp=\"true\" data-vc-full-width-init=\"false\" data-vc-stretch-content=\"true\" class=\"vc_row wpb_row vc_row-fluid vc_custom_1774035919483 vc_row-no-padding wd-rs-69bda3cb120f1\"><div class=\"wpb_column vc_column_container vc_col-sm-12\"><div class=\"vc_column-inner\"><div class=\"wpb_wrapper\">\n\t<div class=\"wpb_raw_code wpb_raw_html wpb_content_element vc_custom_1775067688446\" >\n\t\t<div class=\"wpb_wrapper\">\n\t\t\t<section style=\"padding-top: 108px; position: relative; overflow: hidden; min-height: 300px; display: flex; flex-direction: column;\">\n  <div style=\"position: absolute; inset: 0px; z-index: 0;\">\n    <img decoding=\"async\" src=\"\/wp-content\/uploads\/2026\/04\/siyah-scaled.webp\">\n    <div style=\"position: absolute; inset: 0px; background: linear-gradient(rgba(0, 0, 0, 0.55) 0%, rgba(0, 0, 0, 0.72) 100%);\"><\/div>\n  <\/div>\n  <div style=\"position: relative; z-index: 1; max-width: 1280px; margin: 0px auto; width: 100%; padding: 56px 48px 64px; flex: 1 1 0%; display: flex; flex-direction: column; justify-content: center;\">\n    <div style=\"display: flex; align-items: center; gap: 10px; margin-bottom: 24px;\">\n      <div style=\"width: 28px; height: 1px; background: rgb(255, 210, 0); flex-shrink: 0;\"><\/div>\n      <span style=\"font-size: 10px; font-weight: 500; color: rgba(255, 255, 255, 0.55); letter-spacing: 0.18em; text-transform: uppercase;\">OPERATIONS<\/span>\n    <\/div>\n    <h1 style=\"font-size: 52px; font-weight: 300; color: rgb(255, 255, 255); letter-spacing: -0.035em; line-height: 1.1; margin: 0px 0px 16px; max-width: 700px;\">Operation Discipline<\/h1>\n    <div style=\"width: 40px; height: 2px; background: rgb(255, 210, 0); margin-bottom: 20px;\"><\/div>\n    <p style=\"font-size: 15px; font-weight: 400; color: rgba(255, 255, 255, 0.7); letter-spacing: 0.005em; line-height: 1.7; margin: 0px; max-width: 580px;\">A data-driven and scalable operations infrastructure that ensures production continuity.<\/p>\n  <\/div>\n<\/section>\n\t\t<\/div>\n\t<\/div>\n<\/div><\/div><\/div><\/div><div class=\"vc_row-full-width vc_clearfix\"><\/div><div data-vc-full-width=\"true\" data-vc-full-width-temp=\"true\" data-vc-full-width-init=\"false\" data-vc-stretch-content=\"true\" class=\"vc_row wpb_row vc_row-fluid vc_row-no-padding wd-rs-69bda34569e64\"><div class=\"wpb_column vc_column_container vc_col-sm-12\"><div class=\"vc_column-inner\"><div class=\"wpb_wrapper\">\n\t<div class=\"wpb_text_column wpb_content_element\" >\n\t\t<div class=\"wpb_wrapper\">\n\t\t\t<div class=\"wxs-split-panel\">\r\n    <nav class=\"wxs-split-panel-nav\">\r\n        <div class=\"wxs-split-panel-nav-inner\">\r\n                                            <a href=\"https:\/\/worimex.com\/en\/operations\/section\/tedarik-butunlugu\/\" class=\"wxs-split-panel-nav-link is-active\">\r\n                    <span class=\"wxs-split-panel-nav-dot\"><\/span>\r\n                    <span class=\"wxs-split-panel-nav-text\">Supply Integrity<\/span>\r\n                <\/a>\r\n                                            <a href=\"https:\/\/worimex.com\/en\/operations\/section\/uretim-optimizasyonu\/\" class=\"wxs-split-panel-nav-link\">\r\n                    <span class=\"wxs-split-panel-nav-dot\"><\/span>\r\n                    <span class=\"wxs-split-panel-nav-text\">Production Optimization<\/span>\r\n                <\/a>\r\n                                            <a href=\"https:\/\/worimex.com\/en\/operations\/section\/surec-verimliligi\/\" class=\"wxs-split-panel-nav-link\">\r\n                    <span class=\"wxs-split-panel-nav-dot\"><\/span>\r\n                    <span class=\"wxs-split-panel-nav-text\">Process Efficiency<\/span>\r\n                <\/a>\r\n                    <\/div>\r\n    <\/nav>\r\n\r\n    <section class=\"wxs-split-panel-section\">\r\n        <div class=\"wxs-split-panel-section-inner\">\r\n            <div class=\"wpb-content-wrapper\"><div data-vc-full-width=\"true\" data-vc-full-width-temp=\"true\" data-vc-full-width-init=\"false\" data-vc-stretch-content=\"true\" class=\"vc_row wpb_row vc_row-fluid vc_row-no-padding wd-rs-69bda3f8ae12e\"><div class=\"wpb_column vc_column_container vc_col-sm-12\"><div class=\"vc_column-inner\"><div class=\"wpb_wrapper\">\n\t<div class=\"wpb_raw_code wpb_raw_html wpb_content_element\" >\n\t\t<div class=\"wpb_wrapper\">\n\t\t\t<div class=\"wmx-supply-integrity\">\r\n  <div class=\"wmx-supply-integrity-container\">\r\n    <div class=\"wmx-supply-integrity-grid\">\r\n      <div class=\"wmx-supply-integrity-media\">\r\n        <img decoding=\"async\"\r\n          src=\"\/wp-content\/uploads\/2026\/03\/image-3.webp\"\r\n          alt=\"Tedarik B\u00fct\u00fcnl\u00fc\u011f\u00fc\"\r\n        \/>\r\n        <div class=\"wmx-supply-integrity-media-line\"><\/div>\r\n      <\/div>\r\n\r\n      <div class=\"wmx-supply-integrity-content\">\r\n        <div class=\"wmx-supply-integrity-label\">\r\n          <div class=\"wmx-supply-integrity-label-line\"><\/div>\r\n          <span>OPERATIONAL DISCIPLINE<\/span>\r\n        <\/div>\r\n\r\n        <h2>Supply Integrity<\/h2>\r\n\r\n        <div class=\"wmx-supply-integrity-text\">\r\n          <p>The Worimex supply chain structure is not just an organization that procures materials; it is a strategic system that ensures production continuity. Raw material and component procurement is managed in integration with planning processes. Each supplier is evaluated on quality, delivery performance and technical compliance criteria.<\/p>\r\n\r\n          <p>This discipline, which starts before the goods acceptance process, is supported by the ERP infrastructure. Each lot supplied is identified on the system, associated with the quality process and integrated into production planning. Thus, material flow is monitored not only on an inventory basis but also on a performance basis.<\/p>\r\n\r\n          <p>Alternative supply strategies and multi-sourcing approaches are designed to minimize operational risks. Supply chain performance is regularly analyzed; delivery times, quality compliance and continuity indicators are measured.<\/p>\r\n\r\n          <p>The Sustainable Supply Chain approach is based on uninterrupted production capacity and long-term operational stability. Procurement is not a reactive process; it is a predictable planning discipline.<\/p>\r\n        <\/div>\r\n\r\n        <div class=\"wmx-supply-integrity-divider\"><\/div>\r\n\r\n        <ul class=\"wmx-supply-integrity-list\">\r\n          <li>\r\n            <span class=\"wmx-supply-integrity-dot\"><\/span>\r\n            <span>ERP integrated supplier performance tracking<\/span>\r\n          <\/li>\r\n          <li>\r\n            <span class=\"wmx-supply-integrity-dot\"><\/span>\r\n            <span>Risk minimization with multi-source strategy<\/span>\r\n          <\/li>\r\n          <li>\r\n            <span class=\"wmx-supply-integrity-dot\"><\/span>\r\n            <span>Batch-based traceability and quality matching<\/span>\r\n          <\/li>\r\n        <\/ul>\r\n      <\/div>\r\n    <\/div>\r\n  <\/div>\r\n\r\n  <style>\r\n    .wmx-supply-integrity{\r\n      width: 100%;\r\n      background: #ffffff;\r\n    }\r\n\r\n    .wmx-supply-integrity-container{\r\n      max-width: 1280px;\r\n      margin: 0 auto;\r\n      padding: 80px 48px;\r\n      box-sizing: border-box;\r\n    }\r\n\r\n    .wmx-supply-integrity-grid{\r\n      display: grid;\r\n      grid-template-columns: 1fr 1fr;\r\n      gap: 64px;\r\n      align-items: start;\r\n    }\r\n\r\n    .wmx-supply-integrity-media{\r\n      order: 1;\r\n      position: relative;\r\n      overflow: hidden;\r\n      min-width: 0;\r\n    }\r\n\r\n    .wmx-supply-integrity-media img{\r\n      width: 100%;\r\n      height: 420px;\r\n      object-fit: cover;\r\n      display: block;\r\n    }\r\n\r\n    .wmx-supply-integrity-media-line{\r\n      position: absolute;\r\n      bottom: 0;\r\n      left: 0;\r\n      width: 40px;\r\n      height: 2px;\r\n      background: rgb(255, 210, 0);\r\n    }\r\n\r\n    .wmx-supply-integrity-content{\r\n      order: 2;\r\n      padding-top: 8px;\r\n      min-width: 0;\r\n    }\r\n\r\n    .wmx-supply-integrity-label{\r\n      display: flex;\r\n      align-items: center;\r\n      gap: 10px;\r\n      margin-bottom: 24px;\r\n    }\r\n\r\n    .wmx-supply-integrity-label-line{\r\n      width: 28px;\r\n      height: 1px;\r\n      background: rgb(255, 210, 0);\r\n      flex-shrink: 0;\r\n    }\r\n\r\n    .wmx-supply-integrity-label span{\r\n      font-size: 10px;\r\n      font-weight: 600;\r\n      color: rgb(160, 160, 168);\r\n      letter-spacing: 0.18em;\r\n      text-transform: uppercase;\r\n      line-height: 1;\r\n    }\r\n\r\n    .wmx-supply-integrity-content h2{\r\n      font-size: 32px;\r\n      font-weight: 400;\r\n      color: rgb(17, 17, 17);\r\n      letter-spacing: -0.025em;\r\n      line-height: 1.15;\r\n      margin: 0 0 28px;\r\n    }\r\n\r\n    .wmx-supply-integrity-text{\r\n      font-size: 14.5px;\r\n      font-weight: 400;\r\n      color: rgb(85, 85, 85);\r\n      letter-spacing: 0.005em;\r\n      line-height: 1.78;\r\n      margin-bottom: 32px;\r\n    }\r\n\r\n    .wmx-supply-integrity-text p{\r\n      margin: 0;\r\n    }\r\n\r\n    .wmx-supply-integrity-text p + p{\r\n      margin-top: 16px;\r\n    }\r\n\r\n    .wmx-supply-integrity-divider{\r\n      width: 100%;\r\n      height: 1px;\r\n      background: rgb(236, 236, 240);\r\n      margin-bottom: 24px;\r\n    }\r\n\r\n    .wmx-supply-integrity-list{\r\n      list-style: none;\r\n      padding: 0;\r\n      margin: 0;\r\n      display: flex;\r\n      flex-direction: column;\r\n      gap: 14px;\r\n    }\r\n\r\n    .wmx-supply-integrity-list li{\r\n      display: flex;\r\n      align-items: flex-start;\r\n      gap: 12px;\r\n    }\r\n\r\n    .wmx-supply-integrity-dot{\r\n      width: 5px;\r\n      height: 5px;\r\n      border-radius: 50%;\r\n      background: rgb(255, 210, 0);\r\n      flex-shrink: 0;\r\n      margin-top: 7px;\r\n    }\r\n\r\n    .wmx-supply-integrity-list li span:last-child{\r\n      font-size: 13px;\r\n      font-weight: 500;\r\n      color: rgb(51, 51, 51);\r\n      letter-spacing: 0.005em;\r\n      line-height: 1.5;\r\n    }\r\n\r\n    @media (max-width: 991px){\r\n      .wmx-supply-integrity-container{\r\n        padding: 56px 28px;\r\n      }\r\n\r\n      .wmx-supply-integrity-grid{\r\n        grid-template-columns: 1fr;\r\n        gap: 32px;\r\n      }\r\n\r\n      .wmx-supply-integrity-media img{\r\n        height: 360px;\r\n      }\r\n\r\n      .wmx-supply-integrity-content{\r\n        padding-top: 0;\r\n      }\r\n    }\r\n\r\n    @media (max-width: 767px){\r\n      .wmx-supply-integrity-container{\r\n        padding: 40px 20px;\r\n      }\r\n\r\n      .wmx-supply-integrity-grid{\r\n        gap: 24px;\r\n      }\r\n\r\n      .wmx-supply-integrity-media img{\r\n        height: 240px;\r\n      }\r\n\r\n      .wmx-supply-integrity-media-line{\r\n        width: 28px;\r\n      }\r\n\r\n      .wmx-supply-integrity-label{\r\n        gap: 8px;\r\n        margin-bottom: 18px;\r\n      }\r\n\r\n      .wmx-supply-integrity-label-line{\r\n        width: 20px;\r\n      }\r\n\r\n      .wmx-supply-integrity-label span{\r\n        font-size: 9px;\r\n        letter-spacing: 0.14em;\r\n      }\r\n\r\n      .wmx-supply-integrity-content h2{\r\n        font-size: 24px;\r\n        line-height: 1.2;\r\n        margin-bottom: 20px;\r\n      }\r\n\r\n      .wmx-supply-integrity-text{\r\n        font-size: 13px;\r\n        line-height: 1.72;\r\n        margin-bottom: 24px;\r\n      }\r\n\r\n      .wmx-supply-integrity-text p + p{\r\n        margin-top: 14px;\r\n      }\r\n\r\n      .wmx-supply-integrity-divider{\r\n        margin-bottom: 18px;\r\n      }\r\n\r\n      .wmx-supply-integrity-list{\r\n        gap: 12px;\r\n      }\r\n\r\n      .wmx-supply-integrity-list li{\r\n        gap: 10px;\r\n      }\r\n\r\n      .wmx-supply-integrity-dot{\r\n        width: 4px;\r\n        height: 4px;\r\n        margin-top: 7px;\r\n      }\r\n\r\n      .wmx-supply-integrity-list li span:last-child{\r\n        font-size: 12px;\r\n        line-height: 1.45;\r\n      }\r\n    }\r\n  <\/style>\r\n<\/div>\n\t\t<\/div>\n\t<\/div>\n<\/div><\/div><\/div><\/div><div class=\"vc_row-full-width vc_clearfix\"><\/div><\/div>        <\/div>\r\n    <\/section>\r\n<\/div>\r\n    <div class=\"wxs-split-panel-group-bottom-block\">\r\n        <style data-type=\"vc_shortcodes-custom-css\">.vc_custom_1774036963421{margin-bottom: -40px !important;padding-top: 60px !important;padding-bottom: 60px !important;background-color: #111111 !important;}<\/style><div class=\"wpb-content-wrapper\"><div data-vc-full-width=\"true\" data-vc-full-width-temp=\"true\" data-vc-full-width-init=\"false\" data-vc-stretch-content=\"true\" class=\"vc_row wpb_row vc_row-fluid vc_custom_1774036963421 vc_row-has-fill vc_row-no-padding wd-rs-69bda7dcc3baa\"><div class=\"wpb_column vc_column_container vc_col-sm-12\"><div class=\"vc_column-inner\"><div class=\"wpb_wrapper\">\n\t<div class=\"wpb_raw_code wpb_raw_html wpb_content_element\" >\n\t\t<div class=\"wpb_wrapper\">\n\t\t\t<div style=\"max-width: 1280px; margin: 0px auto; padding-left: 48px; padding-right: 48px; text-align: center;\"><div style=\"width: 32px; height: 2px; background: rgb(255, 210, 0); margin: 0px auto 24px;\"><\/div><p style=\"font-size: 19px; font-weight: 300; color: rgba(255, 255, 255, 0.85); letter-spacing: -0.01em; line-height: 1.65; margin: 0px auto 36px; max-width: 600px;\">Worimex operations infrastructure is not just for managing production; it is an engineering discipline that enables sustainable growth.<\/p><a href=\"\/en\/capabilities\/\" data-discover=\"true\" style=\"display: inline-flex; align-items: center; gap: 8px; font-size: 13px; font-weight: 500; color: rgb(255, 210, 0); letter-spacing: 0.02em; text-decoration: none; transition: opacity 0.15s;\">All Competencies<svg width=\"13\" height=\"13\" viewbox=\"0 0 13 13\" fill=\"none\"><path d=\"M2 6.5H11M7.5 3L11 6.5L7.5 10\" stroke=\"currentColor\" stroke-width=\"1.2\" stroke-linecap=\"round\" stroke-linejoin=\"round\"><\/path><\/svg><\/a><\/div>\n\t\t<\/div>\n\t<\/div>\n<\/div><\/div><\/div><\/div><div class=\"vc_row-full-width vc_clearfix\"><\/div><\/div>    <\/div>\r\n\n\n\t\t<\/div>\n\t<\/div>\n<\/div><\/div><\/div><\/div><div class=\"vc_row-full-width vc_clearfix\"><\/div>\n<\/div>","protected":false},"excerpt":{"rendered":"OPERASYON Operasyon Disiplini \u00dcretim s\u00fcreklili\u011fini sa\u011flayan, veri ile y\u00f6netilen ve \u00f6l\u00e7eklenebilir bir operasyon altyap\u0131s\u0131. Tedarik B\u00fct\u00fcnl\u00fc\u011f\u00fc \u00dcretim Optimizasyonu S\u00fcre\u00e7 Verimlili\u011fi","protected":false},"author":1,"featured_media":0,"parent":0,"menu_order":0,"comment_status":"closed","ping_status":"closed","template":"","meta":{"footnotes":""},"class_list":["post-895","page","type-page","status-publish","hentry"],"_links":{"self":[{"href":"https:\/\/worimex.com\/en\/wp-json\/wp\/v2\/pages\/895","targetHints":{"allow":["GET"]}}],"collection":[{"href":"https:\/\/worimex.com\/en\/wp-json\/wp\/v2\/pages"}],"about":[{"href":"https:\/\/worimex.com\/en\/wp-json\/wp\/v2\/types\/page"}],"author":[{"embeddable":true,"href":"https:\/\/worimex.com\/en\/wp-json\/wp\/v2\/users\/1"}],"replies":[{"embeddable":true,"href":"https:\/\/worimex.com\/en\/wp-json\/wp\/v2\/comments?post=895"}],"version-history":[{"count":7,"href":"https:\/\/worimex.com\/en\/wp-json\/wp\/v2\/pages\/895\/revisions"}],"predecessor-version":[{"id":1759,"href":"https:\/\/worimex.com\/en\/wp-json\/wp\/v2\/pages\/895\/revisions\/1759"}],"wp:attachment":[{"href":"https:\/\/worimex.com\/en\/wp-json\/wp\/v2\/media?parent=895"}],"curies":[{"name":"WP","href":"https:\/\/api.w.org\/{rel}","templated":true}]}}