{"id":749,"date":"2026-03-20T11:28:10","date_gmt":"2026-03-20T11:28:10","guid":{"rendered":"https:\/\/demo.worimex.com\/?page_id=749"},"modified":"2026-04-06T18:06:48","modified_gmt":"2026-04-06T15:06:48","slug":"hvac-oem","status":"publish","type":"page","link":"https:\/\/worimex.com\/en\/hvac-oem\/","title":{"rendered":"Hvac Oem"},"content":{"rendered":"<div class=\"wpb-content-wrapper\"><div data-vc-full-width=\"true\" data-vc-full-width-temp=\"true\" data-vc-full-width-init=\"false\" data-vc-stretch-content=\"true\" class=\"vc_row wpb_row vc_row-fluid vc_custom_1773730528204 vc_row-no-padding wd-rs-69b8fadae2bb4\"><div class=\"wpb_column vc_column_container vc_col-sm-12\"><div class=\"vc_column-inner\"><div class=\"wpb_wrapper\">\n\t<div class=\"wpb_raw_code wpb_raw_html wpb_content_element vc_custom_1774009585336\" >\n\t\t<div class=\"wpb_wrapper\">\n\t\t\t<section style=\"position: relative; overflow: hidden; min-height: 300px;\">\n  <div style=\"position: absolute; inset: 0px; z-index: 0;\">\n    <img decoding=\"async\" src=\"https:\/\/images.unsplash.com\/photo-1697281679290-ad7be1b10682?crop=entropy&amp;cs=tinysrgb&amp;fit=max&amp;fm=jpg&amp;ixid=M3w3Nzg4Nzd8MHwxfHNlYXJjaHwxfHxoZWF0aW5nJTIwYm9pbGVyJTIwZmFjdG9yeSUyME9FTSUyMHByb2R1Y3Rpb24lMjBsaW5lfGVufDF8fHx8MTc3Mjg5ODgwMXww&amp;ixlib=rb-4.1.0&amp;q=80&amp;w=1080\" alt=\"HVAC OEM\" style=\"width: 100%; height: 100%; object-fit: cover; display: block; filter: brightness(0.28) saturate(0.55);\">\n    <div style=\"position: absolute; inset: 0px; background: linear-gradient(rgba(0, 0, 0, 0.2) 0%, rgba(0, 0, 0, 0.55) 50%, rgba(0, 0, 0, 0.88) 100%);\"><\/div>\n  <\/div>\n  <div style=\"position: relative; z-index: 2; max-width: 1280px; margin: 0px auto; width: 100%; padding: 188px 48px 80px; display: flex; flex-direction: column; justify-content: flex-end; min-height: 300px;\">\n    <a href=\"\/en\/product-ecosystem\/\" data-discover=\"true\" style=\"display: inline-flex; align-items: center; gap: 8px; font-size: 10px; font-weight: 600; letter-spacing: 0.14em; color: rgba(255, 255, 255, 0.3); text-decoration: none; margin-bottom: 32px; align-self: flex-start; transition: color 0.3s;\">\n      <svg width=\"14\" height=\"14\" viewbox=\"0 0 14 14\" fill=\"none\">\n        <path d=\"M11 7H3M6 4L3 7L6 10\" stroke=\"currentColor\" stroke-width=\"1.2\" stroke-linecap=\"round\" stroke-linejoin=\"round\"><\/path>\n      <\/svg>PRODUCT ECOSYSTEM <\/a>\n    <h1 style=\"font-size: 52px; font-weight: 300; color: rgb(255, 255, 255); letter-spacing: -0.04em; line-height: 1.08; margin: 0px 0px 20px; max-width: 640px;\">HVAC OEM<\/h1>\n    <div style=\"width: 56px; height: 2px; background: rgb(255, 210, 0);\"><\/div>\n  <\/div>\n<\/section>\n\t\t<\/div>\n\t<\/div>\n<\/div><\/div><\/div><\/div><div class=\"vc_row-full-width vc_clearfix\"><\/div><div class=\"vc_row wpb_row vc_row-fluid vc_custom_1774003560956 wd-rs-69bd2561b6fc2\"><div class=\"wpb_column vc_column_container vc_col-sm-12\"><div class=\"vc_column-inner\"><div class=\"wpb_wrapper\">\n\t<div class=\"wpb_raw_code wpb_raw_html wpb_content_element\" >\n\t\t<div class=\"wpb_wrapper\">\n\t\t\t<div class=\"wmx-sales-intro\">\r\n  <div class=\"wmx-sales-intro-grid\">\r\n    <div class=\"wmx-sales-intro-left\">\r\n      <div class=\"wmx-sales-intro-label\">\r\n        <div class=\"wmx-sales-intro-label-line\"><\/div>\r\n        <span>OVERVIEW<\/span>\r\n      <\/div>\r\n\r\n      <h2>HVAC OEM<\/h2>\r\n\r\n      <div class=\"wmx-sales-intro-divider\"><\/div>\r\n    <\/div>\r\n\r\n    <div class=\"wmx-sales-intro-right\">\r\n      <p>Worimex develops scalable OEM component solutions for boiler and heating system manufacturers. Hydraulic assemblies, circulation pumps, measurement and control components are configured to integrate into high volume production programs.<\/p>\r\n    <\/div>\r\n  <\/div>\r\n\r\n  <style>\r\n    .wmx-sales-intro{\r\n      width: 100%;\r\n      background: #ffffff;\r\n    }\r\n\r\n    .wmx-sales-intro-grid{\r\n      max-width: 1280px;\r\n      margin: 0 auto;\r\n      padding-left: 48px;\r\n      padding-right: 48px;\r\n      display: grid;\r\n      grid-template-columns: 1fr 1fr;\r\n      gap: 64px;\r\n      align-items: start;\r\n      opacity: 1;\r\n      transform: translateY(0);\r\n      transition: opacity 0.7s ease, transform 0.7s ease;\r\n      box-sizing: border-box;\r\n    }\r\n\r\n    .wmx-sales-intro-label{\r\n      display: flex;\r\n      align-items: center;\r\n      gap: 10px;\r\n      margin-bottom: 18px;\r\n    }\r\n\r\n    .wmx-sales-intro-label-line{\r\n      width: 24px;\r\n      height: 1px;\r\n      background: rgb(255, 210, 0);\r\n      flex-shrink: 0;\r\n    }\r\n\r\n    .wmx-sales-intro-label span{\r\n      font-size: 10px;\r\n      font-weight: 600;\r\n      color: rgb(160, 160, 168);\r\n      letter-spacing: 0.16em;\r\n      text-transform: uppercase;\r\n      line-height: 1;\r\n    }\r\n\r\n    .wmx-sales-intro-left h2{\r\n      font-size: 30px;\r\n      font-weight: 300;\r\n      color: rgb(17, 17, 17);\r\n      letter-spacing: -0.03em;\r\n      line-height: 1.2;\r\n      margin: 0 0 16px;\r\n    }\r\n\r\n    .wmx-sales-intro-divider{\r\n      width: 36px;\r\n      height: 2px;\r\n      background: rgb(255, 210, 0);\r\n    }\r\n\r\n    .wmx-sales-intro-right p{\r\n      font-size: 16px;\r\n      font-weight: 400;\r\n      color: rgb(85, 85, 85);\r\n      line-height: 1.8;\r\n      margin: 0;\r\n      padding-top: 38px;\r\n      letter-spacing: 0.003em;\r\n    }\r\n\r\n    @media (max-width: 991px){\r\n      .wmx-sales-intro-grid{\r\n        padding-left: 28px;\r\n        padding-right: 28px;\r\n        grid-template-columns: 1fr;\r\n        gap: 24px;\r\n      }\r\n\r\n      .wmx-sales-intro-right p{\r\n        padding-top: 0;\r\n      }\r\n    }\r\n\r\n    @media (max-width: 767px){\r\n      .wmx-sales-intro-grid{\r\n        padding-left: 20px;\r\n        padding-right: 20px;\r\n        gap: 18px;\r\n      }\r\n\r\n      .wmx-sales-intro-label{\r\n        gap: 8px;\r\n        margin-bottom: 14px;\r\n      }\r\n\r\n      .wmx-sales-intro-label-line{\r\n        width: 20px;\r\n      }\r\n\r\n      .wmx-sales-intro-label span{\r\n        font-size: 9px;\r\n        letter-spacing: 0.14em;\r\n      }\r\n\r\n      .wmx-sales-intro-left h2{\r\n        font-size: 24px;\r\n        line-height: 1.22;\r\n        margin-bottom: 12px;\r\n      }\r\n\r\n      .wmx-sales-intro-divider{\r\n        width: 28px;\r\n        height: 2px;\r\n      }\r\n\r\n      .wmx-sales-intro-right p{\r\n        font-size: 14px;\r\n        line-height: 1.72;\r\n      }\r\n    }\r\n  <\/style>\r\n<\/div>\n\t\t<\/div>\n\t<\/div>\n<\/div><\/div><\/div><\/div><div class=\"vc_row wpb_row vc_row-fluid vc_custom_1774006518564 wd-rs-69bd30f123258\"><div class=\"wpb_column vc_column_container vc_col-sm-12\"><div class=\"vc_column-inner\"><div class=\"wpb_wrapper\">\n\t<div class=\"wpb_raw_code wpb_raw_html wpb_content_element\" >\n\t\t<div class=\"wpb_wrapper\">\n\t\t\t<style>\r\n.oem-carousel-wrap{\r\n  position:relative;\r\n}\r\n\r\n.oem-viewport{\r\n  overflow-x:auto;\r\n  overflow-y:hidden;\r\n  scrollbar-width:none;\r\n  -ms-overflow-style:none;\r\n  scroll-behavior:smooth;\r\n  cursor:grab;\r\n  user-select:none;\r\n  -webkit-user-select:none;\r\n  touch-action:pan-y;\r\n}\r\n\r\n.oem-viewport::-webkit-scrollbar{\r\n  display:none;\r\n}\r\n\r\n.oem-viewport.is-dragging{\r\n  cursor:grabbing;\r\n  scroll-behavior:auto;\r\n}\r\n\r\n.oem-families{\r\n  display:flex;\r\n  gap:16px;\r\n}\r\n\r\n.oem-card{\r\n  flex:0 0 calc((100% - 48px) \/ 4);\r\n  min-width:calc((100% - 48px) \/ 4);\r\n  background:#fff;\r\n  border:1px solid rgb(236,236,240);\r\n  overflow:hidden;\r\n  cursor:pointer;\r\n  text-decoration:none;\r\n  transition:opacity .6s, transform .6s, border-color .3s;\r\n}\r\n\r\n.oem-card:hover{\r\n  border-top:1px solid rgb(255,210,0);\r\n  border-right:1px solid rgb(236,236,240);\r\n  border-bottom:1px solid rgb(236,236,240);\r\n  border-left:1px solid rgb(236,236,240);\r\n}\r\n\r\n.oem-card-image{\r\n  position:relative;\r\n  overflow:hidden;\r\n  height:200px;\r\n  padding:10px;\r\n  background:#fff;\r\n}\r\n\r\n.oem-card-image img{\r\n  width:100%;\r\n  height:100%;\r\n  object-fit:contain;\r\n  display:block;\r\n  transition:transform .5s;\r\n  pointer-events:none;\r\n  -webkit-user-drag:none;\r\n  user-drag:none;\r\n}\r\n\r\n.oem-card:hover .oem-card-image img{\r\n  transform:scale(1.03);\r\n}\r\n\r\n.oem-card-gradient{\r\n  position:absolute;\r\n  bottom:0;\r\n  left:0;\r\n  right:0;\r\n  height:30%;\r\n  background:linear-gradient(transparent, rgba(0,0,0,0.05));\r\n  opacity:0;\r\n  transition:opacity .3s;\r\n}\r\n\r\n.oem-card:hover .oem-card-gradient{\r\n  opacity:1;\r\n}\r\n\r\n.oem-card-content{\r\n  padding:24px 24px 28px;\r\n}\r\n\r\n.oem-card-top{\r\n  display:flex;\r\n  align-items:center;\r\n  gap:8px;\r\n  margin-bottom:12px;\r\n}\r\n\r\n.oem-card-line{\r\n  width:18px;\r\n  height:2px;\r\n  background:rgb(216,216,222);\r\n  transition:background .3s;\r\n}\r\n\r\n.oem-card-number{\r\n  font-size:9px;\r\n  font-weight:600;\r\n  letter-spacing:.14em;\r\n  color:rgb(176,176,184);\r\n  transition:color .3s;\r\n}\r\n\r\n.oem-card:hover .oem-card-line{\r\n  background:rgb(255,210,0);\r\n}\r\n\r\n.oem-card:hover .oem-card-number{\r\n  color:rgb(255,210,0);\r\n}\r\n\r\n.oem-card-title{\r\n  font-size:15px;\r\n  font-weight:500;\r\n  color:rgb(17,17,17);\r\n  margin:0 0 8px;\r\n  letter-spacing:-0.01em;\r\n}\r\n\r\n.oem-card-text{\r\n  font-size:12px;\r\n  font-weight:400;\r\n  color:rgb(119,119,119);\r\n  line-height:1.65;\r\n  margin:0;\r\n}\r\n\r\n.oem-carousel-controls{\r\n  display:flex;\r\n  justify-content:flex-end;\r\n  gap:10px;\r\n  margin-top:16px;\r\n}\r\n\r\n.oem-carousel-btn{\r\n  width:42px;\r\n  height:42px;\r\n  border:1px solid rgb(236,236,240);\r\n  background:#fff;\r\n  color:rgb(17,17,17);\r\n  cursor:pointer;\r\n  display:inline-flex;\r\n  align-items:center;\r\n  justify-content:center;\r\n  transition:all .25s ease;\r\n  padding:0;\r\n}\r\n\r\n.oem-carousel-btn:hover{\r\n  border-color:rgb(255,210,0);\r\n  background:rgb(255,210,0);\r\n}\r\n\r\n.oem-carousel-btn span{\r\n  font-size:16px;\r\n  line-height:1;\r\n}\r\n\r\n@media (max-width: 1024px){\r\n  .oem-card{\r\n    flex:0 0 calc((100% - 16px) \/ 2);\r\n    min-width:calc((100% - 16px) \/ 2);\r\n  }\r\n}\r\n\r\n@media (max-width: 767px){\r\n  .oem-card{\r\n    flex:0 0 86%;\r\n    min-width:86%;\r\n  }\r\n\r\n  .oem-carousel-btn{\r\n    width:40px;\r\n    height:40px;\r\n  }\r\n}\r\n<\/style>\r\n\r\n<div class=\"oem-carousel-wrap\">\r\n  <div class=\"oem-viewport\">\r\n    <div class=\"oem-families\">\r\n\r\n      <div class=\"oem-card\">\r\n        <div class=\"oem-card-image\">\r\n          <img decoding=\"async\" src=\"\/wp-content\/uploads\/2026\/04\/blok2.webp\" alt=\"Hidrolik Gruplar\" draggable=\"false\">\r\n          <div class=\"oem-card-gradient\"><\/div>\r\n        <\/div>\r\n        <div class=\"oem-card-content\">\r\n          <div class=\"oem-card-top\">\r\n            <div class=\"oem-card-line\"><\/div>\r\n            <span class=\"oem-card-number\">01<\/span>\r\n          <\/div>\r\n          <h4 class=\"oem-card-title\">Hydraulic Groups<\/h4>\r\n          <p class=\"oem-card-text\">Components controlling water distribution in boilers and heating systems.<\/p>\r\n        <\/div>\r\n      <\/div>\r\n\r\n      <div class=\"oem-card\">\r\n        <div class=\"oem-card-image\">\r\n          <img decoding=\"async\" src=\"\/wp-content\/uploads\/2026\/04\/tre3.webp\" alt=\"Sirk\u00fclasyon Pompalar\u0131\" draggable=\"false\">\r\n          <div class=\"oem-card-gradient\"><\/div>\r\n        <\/div>\r\n        <div class=\"oem-card-content\">\r\n          <div class=\"oem-card-top\">\r\n            <div class=\"oem-card-line\"><\/div>\r\n            <span class=\"oem-card-number\">02<\/span>\r\n          <\/div>\r\n          <h4 class=\"oem-card-title\">Circulation Pumps<\/h4>\r\n          <p class=\"oem-card-text\">Energy efficient pumps that circulate water in heating systems.<\/p>\r\n        <\/div>\r\n      <\/div>\r\n\r\n      <div class=\"oem-card\">\r\n        <div class=\"oem-card-image\">\r\n          <img decoding=\"async\" src=\"\/wp-content\/uploads\/2026\/04\/3ym.webp\" alt=\"\u00d6l\u00e7\u00fcm Sistemleri\" draggable=\"false\">\r\n          <div class=\"oem-card-gradient\"><\/div>\r\n        <\/div>\r\n        <div class=\"oem-card-content\">\r\n          <div class=\"oem-card-top\">\r\n            <div class=\"oem-card-line\"><\/div>\r\n            <span class=\"oem-card-number\">03<\/span>\r\n          <\/div>\r\n          <h4 class=\"oem-card-title\">3-Way Motors<\/h4>\r\n          <p class=\"oem-card-text\">Components that ensure the correct distribution of hot water by controlling the flow direction in heating systems.<\/p>\r\n        <\/div>\r\n      <\/div>\r\n\r\n      <div class=\"oem-card\">\r\n        <div class=\"oem-card-image\">\r\n          <img decoding=\"async\" src=\"\/wp-content\/uploads\/2026\/04\/manometrek.webp\" draggable=\"false\">\r\n          <div class=\"oem-card-gradient\"><\/div>\r\n        <\/div>\r\n        <div class=\"oem-card-content\">\r\n          <div class=\"oem-card-top\">\r\n            <div class=\"oem-card-line\"><\/div>\r\n            <span class=\"oem-card-number\">04<\/span>\r\n          <\/div>\r\n          <h4 class=\"oem-card-title\">Manometers<\/h4>\r\n          <p class=\"oem-card-text\">Components that help maintain safe and stable operating conditions by ensuring system pressure monitoring.<\/p>\r\n        <\/div>\r\n      <\/div>\r\n      \r\n      <div class=\"oem-card\">\r\n        <div class=\"oem-card-image\">\r\n          <img decoding=\"async\" src=\"\/wp-content\/uploads\/2026\/04\/basinc.webp\" alt=\"Sistem Bile\u015fenleri\" draggable=\"false\">\r\n          <div class=\"oem-card-gradient\"><\/div>\r\n        <\/div>\r\n        <div class=\"oem-card-content\">\r\n          <div class=\"oem-card-top\">\r\n            <div class=\"oem-card-line\"><\/div>\r\n            <span class=\"oem-card-number\">04<\/span>\r\n          <\/div>\r\n          <h4 class=\"oem-card-title\">Pressure Sensors<\/h4>\r\n          <p class=\"oem-card-text\">Components that support control processes and ensure safe operation by detecting pressure values within the system.<\/p>\r\n        <\/div>\r\n      <\/div>\r\n      \r\n      <div class=\"oem-card\">\r\n        <div class=\"oem-card-image\">\r\n          <img decoding=\"async\" src=\"\/wp-content\/uploads\/2026\/04\/sicaklik.webp\" alt=\"Sistem Bile\u015fenleri\" draggable=\"false\">\r\n          <div class=\"oem-card-gradient\"><\/div>\r\n        <\/div>\r\n        <div class=\"oem-card-content\">\r\n          <div class=\"oem-card-top\">\r\n            <div class=\"oem-card-line\"><\/div>\r\n            <span class=\"oem-card-number\">04<\/span>\r\n          <\/div>\r\n          <h4 class=\"oem-card-title\">Temperature Sensors<\/h4>\r\n          <p class=\"oem-card-text\">It contributes to the balanced and controlled operation of the system by enabling the measurement of temperature values in heating systems.<\/p>\r\n        <\/div>\r\n      <\/div>\r\n\r\n      <!-- Buradan sonras\u0131 ayn\u0131 kart yap\u0131s\u0131yla 05,06,07,08 diye devam edebilir -->\r\n\r\n    <\/div>\r\n  <\/div>\r\n\r\n  <div class=\"oem-carousel-controls\">\r\n    <button class=\"oem-carousel-btn oem-prev\" type=\"button\" aria-label=\"Previous\">\r\n      <span>\u2190<\/span>\r\n    <\/button>\r\n    <button class=\"oem-carousel-btn oem-next\" type=\"button\" aria-label=\"Next\">\r\n      <span>\u2192<\/span>\r\n    <\/button>\r\n  <\/div>\r\n<\/div>\r\n\r\n<script>\r\n(function(){\r\n  var wraps = document.querySelectorAll('.oem-carousel-wrap');\r\n\r\n  wraps.forEach(function(wrap){\r\n    if (wrap.dataset.carouselReady === '1') return;\r\n    wrap.dataset.carouselReady = '1';\r\n\r\n    var viewport = wrap.querySelector('.oem-viewport');\r\n    var track = wrap.querySelector('.oem-families');\r\n    var prevBtn = wrap.querySelector('.oem-prev');\r\n    var nextBtn = wrap.querySelector('.oem-next');\r\n\r\n    function getStep(){\r\n      var firstCard = wrap.querySelector('.oem-card');\r\n      if (!firstCard) return viewport.clientWidth * 0.9;\r\n\r\n      var cardWidth = firstCard.getBoundingClientRect().width;\r\n      var styles = window.getComputedStyle(track);\r\n      var gap = parseFloat(styles.gap) || 16;\r\n\r\n      return cardWidth + gap;\r\n    }\r\n\r\n    prevBtn.addEventListener('click', function(){\r\n      viewport.scrollBy({ left: -getStep(), behavior: 'smooth' });\r\n    });\r\n\r\n    nextBtn.addEventListener('click', function(){\r\n      viewport.scrollBy({ left: getStep(), behavior: 'smooth' });\r\n    });\r\n\r\n    var isDown = false;\r\n    var startX = 0;\r\n    var startScrollLeft = 0;\r\n    var pointerId = null;\r\n\r\n    viewport.addEventListener('pointerdown', function(e){\r\n      if (e.pointerType === 'mouse' && e.button !== 0) return;\r\n\r\n      isDown = true;\r\n      startX = e.clientX;\r\n      startScrollLeft = viewport.scrollLeft;\r\n      pointerId = e.pointerId;\r\n\r\n      viewport.classList.add('is-dragging');\r\n\r\n      try {\r\n        viewport.setPointerCapture(pointerId);\r\n      } catch(err){}\r\n    });\r\n\r\n    viewport.addEventListener('pointermove', function(e){\r\n      if (!isDown) return;\r\n\r\n      var walk = e.clientX - startX;\r\n      viewport.scrollLeft = startScrollLeft - walk;\r\n    });\r\n\r\n    function endDrag(){\r\n      isDown = false;\r\n      viewport.classList.remove('is-dragging');\r\n\r\n      if (pointerId !== null) {\r\n        try {\r\n          viewport.releasePointerCapture(pointerId);\r\n        } catch(err){}\r\n      }\r\n    }\r\n\r\n    viewport.addEventListener('pointerup', endDrag);\r\n    viewport.addEventListener('pointercancel', endDrag);\r\n    viewport.addEventListener('pointerleave', function(e){\r\n      if (e.pointerType === 'mouse' && isDown) endDrag();\r\n    });\r\n\r\n    viewport.addEventListener('dragstart', function(e){\r\n      e.preventDefault();\r\n    });\r\n  });\r\n})();\r\n<\/script>\n\t\t<\/div>\n\t<\/div>\n<\/div><\/div><\/div><\/div>\n<\/div>","protected":false},"excerpt":{"rendered":"PRODUCT ECOSYSTEM HVAC OEM OVERVIEW HVAC OEM Worimex develops scalable OEM component solutions for boiler and heating system manufacturers.","protected":false},"author":1,"featured_media":0,"parent":0,"menu_order":0,"comment_status":"closed","ping_status":"closed","template":"","meta":{"footnotes":""},"class_list":["post-749","page","type-page","status-publish","hentry"],"_links":{"self":[{"href":"https:\/\/worimex.com\/en\/wp-json\/wp\/v2\/pages\/749","targetHints":{"allow":["GET"]}}],"collection":[{"href":"https:\/\/worimex.com\/en\/wp-json\/wp\/v2\/pages"}],"about":[{"href":"https:\/\/worimex.com\/en\/wp-json\/wp\/v2\/types\/page"}],"author":[{"embeddable":true,"href":"https:\/\/worimex.com\/en\/wp-json\/wp\/v2\/users\/1"}],"replies":[{"embeddable":true,"href":"https:\/\/worimex.com\/en\/wp-json\/wp\/v2\/comments?post=749"}],"version-history":[{"count":27,"href":"https:\/\/worimex.com\/en\/wp-json\/wp\/v2\/pages\/749\/revisions"}],"predecessor-version":[{"id":1847,"href":"https:\/\/worimex.com\/en\/wp-json\/wp\/v2\/pages\/749\/revisions\/1847"}],"wp:attachment":[{"href":"https:\/\/worimex.com\/en\/wp-json\/wp\/v2\/media?parent=749"}],"curies":[{"name":"WP","href":"https:\/\/api.w.org\/{rel}","templated":true}]}}