{"id":632,"date":"2026-03-15T10:22:11","date_gmt":"2026-03-15T10:22:11","guid":{"rendered":"https:\/\/demo.worimex.com\/?page_id=632"},"modified":"2026-04-21T10:58:22","modified_gmt":"2026-04-21T07:58:22","slug":"campus","status":"publish","type":"page","link":"https:\/\/worimex.com\/en\/campus\/","title":{"rendered":"Campus"},"content":{"rendered":"<div class=\"wpb-content-wrapper\"><div data-vc-full-width=\"true\" data-vc-full-width-temp=\"true\" data-vc-full-width-init=\"false\" data-vc-stretch-content=\"true\" class=\"vc_row wpb_row vc_row-fluid vc_custom_1773729784124 vc_row-no-padding wd-rs-69b8f7f464ad7\"><div class=\"wpb_column vc_column_container vc_col-sm-12 vc_hidden-sm vc_hidden-xs wd-rs-69e72db349f0f\"><div class=\"vc_column-inner\"><div class=\"wpb_wrapper\">\n\t<div class=\"wpb_raw_code wpb_raw_html wpb_content_element vc_custom_1775480017010\" >\n\t\t<div class=\"wpb_wrapper\">\n\t\t\t<section style=\"padding-top: 108px; position: relative; overflow: hidden; min-height: 320px; display: flex; flex-direction: column;\">\n  <div style=\"position: absolute; inset: 0px; z-index: 0;\">\n    <img decoding=\"async\" src=\"\/wp-content\/uploads\/2026\/03\/image-5.webp\" alt=\"Production campus\" style=\"width: 100%; height: 100%; object-fit: cover; display: block;\">\n    <div style=\"position: absolute; inset: 0px; background: linear-gradient(rgba(0, 0, 0, 0.55) 0%, rgba(0, 0, 0, 0.65) 100%);\"><\/div>\n  <\/div>\n  <div style=\"position: relative; z-index: 1; max-width: 1280px; margin: 0px auto; width: 100%; padding: 64px 48px 80px; flex: 1 1 0%; display: flex; flex-direction: column; justify-content: center;\">\n    <div style=\"display: flex; align-items: center; gap: 10px; margin-bottom: 28px;\">\n      <div style=\"width: 28px; height: 1px; background: rgb(255, 210, 0); flex-shrink: 0;\"><\/div>\n      <span style=\"font-size: 10px; font-weight: 500; color: rgba(255, 255, 255, 0.6); letter-spacing: 0.18em; text-transform: uppercase;\">CAMPUS<\/span>\n    <\/div>\n    <h1 style=\"font-size: 56px; font-weight: 300; color: rgb(255, 255, 255); letter-spacing: -0.035em; line-height: 1.08; margin: 0px 0px 32px; max-width: 700px;\">Campus<\/h1>\n    <div style=\"width: 40px; height: 2px; background: rgb(255, 210, 0); margin-bottom: 28px;\"><\/div>\n    <p style=\"font-size: 17px; font-weight: 400; color: rgba(255, 255, 255, 0.75); letter-spacing: 0.005em; line-height: 1.75; margin: 0px; max-width: 560px;\">10,000 m\u00b2 integrated production infrastructure; designed for traceability, quality, and sustainability.<\/p>\n  <\/div>\n<\/section>\n\t\t<\/div>\n\t<\/div>\n<\/div><\/div><\/div><\/div><div class=\"vc_row-full-width vc_clearfix\"><\/div><div data-vc-full-width=\"true\" data-vc-full-width-temp=\"true\" data-vc-full-width-init=\"false\" data-vc-stretch-content=\"true\" class=\"vc_row wpb_row vc_row-fluid vc_custom_1773729784124 vc_row-no-padding wd-rs-69b8f7f464ad7\"><div class=\"wpb_column vc_column_container vc_col-sm-12 vc_hidden-lg vc_hidden-md wd-rs-69e72dd8603ae\"><div class=\"vc_column-inner\"><div class=\"wpb_wrapper\">\n\t<div class=\"wpb_raw_code wpb_raw_html wpb_content_element vc_custom_1776758298029\" >\n\t\t<div class=\"wpb_wrapper\">\n\t\t\t<section style=\"padding-top: 70px; position: relative; overflow: hidden; min-height: 320px; display: flex; flex-direction: column;\">\n  <div style=\"position: absolute; inset: 0px; z-index: 0;\">\n    <img decoding=\"async\" src=\"\/wp-content\/uploads\/2026\/04\/campus_banner.webp\" alt=\"Production campus\" style=\"width: 100%; height: 100%; object-fit: cover; display: block;\">\n    <div style=\"position: absolute; inset: 0px; background: linear-gradient(rgba(0, 0, 0, 0.55) 0%, rgba(0, 0, 0, 0.65) 100%);\"><\/div>\n  <\/div>\n  <div style=\"position: relative; z-index: 1; max-width: 1280px; margin: 0px auto; width: 100%; padding: 64px 48px 80px; flex: 1 1 0%; display: flex; flex-direction: column; justify-content: center;\">\n    <div style=\"display: flex; align-items: center; gap: 10px; margin-bottom: 28px;\">\n      <div style=\"width: 28px; height: 1px; background: rgb(255, 210, 0); flex-shrink: 0;\"><\/div>\n      <span style=\"font-size: 10px; font-weight: 500; color: rgba(255, 255, 255, 0.6); letter-spacing: 0.18em; text-transform: uppercase;\">CAMPUS<\/span>\n    <\/div>\n    <h1 style=\"font-size: 56px; font-weight: 300; color: rgb(255, 255, 255); letter-spacing: -0.035em; line-height: 1.08; margin: 0px 0px 32px; max-width: 700px;\">Campus<\/h1>\n    <div style=\"width: 40px; height: 2px; background: rgb(255, 210, 0); margin-bottom: 28px;\"><\/div>\n    <p style=\"font-size: 17px; font-weight: 400; color: rgba(255, 255, 255, 0.75); letter-spacing: 0.005em; line-height: 1.75; margin: 0px; max-width: 560px;\">10,000 m\u00b2 integrated production infrastructure; designed for traceability, quality, and sustainability.<\/p>\n  <\/div>\n<\/section>\n\t\t<\/div>\n\t<\/div>\n<\/div><\/div><\/div><\/div><div class=\"vc_row-full-width vc_clearfix\"><\/div><div data-vc-full-width=\"true\" data-vc-full-width-temp=\"true\" data-vc-full-width-init=\"false\" data-vc-stretch-content=\"true\" class=\"vc_row wpb_row vc_row-fluid vc_row-no-padding wd-rs-69b8f68acba3d\"><div class=\"wpb_column vc_column_container vc_col-sm-12\"><div class=\"vc_column-inner\"><div class=\"wpb_wrapper\">\n\t<div class=\"wpb_raw_code wpb_raw_html wpb_content_element vc_custom_1775480054586\" >\n\t\t<div class=\"wpb_wrapper\">\n\t\t\t<section style=\"background: rgb(26, 26, 26); padding: 48px 0px;\"><div style=\"max-width: 1280px; margin: 0px auto; padding-left: 48px; padding-right: 48px; display: grid; grid-template-columns: repeat(4, 1fr); gap: 32px;\"><div style=\"display: flex; flex-direction: column; align-items: center; text-align: center; position: relative; padding: 0px 16px;\"><div style=\"width: 4px; height: 4px; border-radius: 50%; background: rgb(255, 210, 0); margin-bottom: 16px;\"><\/div><span style=\"font-size: 26px; font-weight: 300; color: rgb(255, 255, 255); letter-spacing: -0.02em; line-height: 1.1; margin-bottom: 8px;\">10,000 m\u00b2<\/span><span style=\"font-size: 11px; font-weight: 500; color: rgba(255, 255, 255, 0.4); letter-spacing: 0.1em; text-transform: uppercase; line-height: 1.5;\">Production Area<\/span><div style=\"position: absolute; right: -16px; top: 8px; bottom: 8px; width: 1px; background: rgba(255, 255, 255, 0.08);\"><\/div><\/div><div style=\"display: flex; flex-direction: column; align-items: center; text-align: center; position: relative; padding: 0px 16px;\"><div style=\"width: 4px; height: 4px; border-radius: 50%; background: rgb(255, 210, 0); margin-bottom: 16px;\"><\/div><span style=\"font-size: 26px; font-weight: 300; color: rgb(255, 255, 255); letter-spacing: -0.02em; line-height: 1.1; margin-bottom: 8px;\">75+<\/span><span style=\"font-size: 11px; font-weight: 500; color: rgba(255, 255, 255, 0.4); letter-spacing: 0.1em; text-transform: uppercase; line-height: 1.5;\">Eng. &amp; Ops<\/span><div style=\"position: absolute; right: -16px; top: 8px; bottom: 8px; width: 1px; background: rgba(255, 255, 255, 0.08);\"><\/div><\/div><div style=\"display: flex; flex-direction: column; align-items: center; text-align: center; position: relative; padding: 0px 16px;\"><div style=\"width: 4px; height: 4px; border-radius: 50%; background: rgb(255, 210, 0); margin-bottom: 16px;\"><\/div><span style=\"font-size: 26px; font-weight: 300; color: rgb(255, 255, 255); letter-spacing: -0.02em; line-height: 1.1; margin-bottom: 8px;\">30+<\/span><span style=\"font-size: 11px; font-weight: 500; color: rgba(255, 255, 255, 0.4); letter-spacing: 0.1em; text-transform: uppercase; line-height: 1.5;\">Export Market<\/span><div style=\"position: absolute; right: -16px; top: 8px; bottom: 8px; width: 1px; background: rgba(255, 255, 255, 0.08);\"><\/div><\/div><div style=\"display: flex; flex-direction: column; align-items: center; text-align: center; position: relative; padding: 0px 16px;\"><div style=\"width: 4px; height: 4px; border-radius: 50%; background: rgb(255, 210, 0); margin-bottom: 16px;\"><\/div><span style=\"font-size: 26px; font-weight: 300; color: rgb(255, 255, 255); letter-spacing: -0.02em; line-height: 1.1; margin-bottom: 8px;\">6<\/span><span style=\"font-size: 11px; font-weight: 500; color: rgba(255, 255, 255, 0.4); letter-spacing: 0.1em; text-transform: uppercase; line-height: 1.5;\">Brand Structure<\/span><\/div><\/div><\/section>\n\t\t<\/div>\n\t<\/div>\n<\/div><\/div><\/div><\/div><div class=\"vc_row-full-width vc_clearfix\"><\/div><div data-vc-full-width=\"true\" data-vc-full-width-temp=\"true\" data-vc-full-width-init=\"false\" data-vc-stretch-content=\"true\" class=\"vc_row wpb_row vc_row-fluid vc_row-no-padding wd-rs-69b8f68acba3d\"><div class=\"wpb_column vc_column_container vc_col-sm-12\"><div class=\"vc_column-inner\"><div class=\"wpb_wrapper\">\n\t<div class=\"wpb_raw_code wpb_raw_html wpb_content_element\" >\n\t\t<div class=\"wpb_wrapper\">\n\t\t\t<nav style=\"border-bottom:1px solid #ececf0;background:#fafafa\">\n  <div style=\"max-width:1280px;margin:0 auto;padding-left:48px;padding-right:48px;display:flex;align-items:center;gap:0\">\n    <a href=\"#section_01\" style=\"border:none;background:0 0;cursor:pointer;padding:18px 24px;font-size:11px;font-weight:500;color:#777;letter-spacing:.12em;text-transform:uppercase;transition:color .2s;position:relative;outline:0\">\n      <span style=\"display:inline-flex;align-items:center;gap:8px\">\n        <span style=\"font-size:9px;font-weight:500;color:#ffd200;font-variant-numeric:tabular-nums\">01<\/span>Office <\/span>\n    <\/a>\n    <a href=\"#section_02\" style=\"border:none;background:0 0;cursor:pointer;padding:18px 24px;font-size:11px;font-weight:500;color:#777;letter-spacing:.12em;text-transform:uppercase;transition:color .2s;position:relative;outline:0\">\n      <span style=\"display:inline-flex;align-items:center;gap:8px\">\n        <span style=\"font-size:9px;font-weight:500;color:#ffd200;font-variant-numeric:tabular-nums\">02<\/span>Production <\/span>\n    <\/a>\n    <a href=\"#section_03\" style=\"border:none;background:0 0;cursor:pointer;padding:18px 24px;font-size:11px;font-weight:500;color:#777;letter-spacing:.12em;text-transform:uppercase;transition:color .2s;position:relative;outline:0\">\n      <span style=\"display:inline-flex;align-items:center;gap:8px\">\n        <span style=\"font-size:9px;font-weight:500;color:#ffd200;font-variant-numeric:tabular-nums\">03<\/span>Warehouse <\/span>\n    <\/a>\n    <a href=\"#section_04\" style=\"border:none;background:0 0;cursor:pointer;padding:18px 24px;font-size:11px;font-weight:500;color:#777;letter-spacing:.12em;text-transform:uppercase;transition:color .2s;position:relative;outline:0\">\n      <span style=\"display:inline-flex;align-items:center;gap:8px\">\n        <span style=\"font-size:9px;font-weight:500;color:#ffd200;font-variant-numeric:tabular-nums\">04<\/span>Laboratory <\/span>\n    <\/a>\n    <a href=\"#section_05\" style=\"border:none;background:0 0;cursor:pointer;padding:18px 24px;font-size:11px;font-weight:500;color:#777;letter-spacing:.12em;text-transform:uppercase;transition:color .2s;position:relative;outline:0\">\n      <span style=\"display:inline-flex;align-items:center;gap:8px\">\n        <span style=\"font-size:9px;font-weight:500;color:#ffd200;font-variant-numeric:tabular-nums\">05<\/span>Sustainability <\/span>\n    <\/a>\n  <\/div>\n<\/nav>\n\t\t<\/div>\n\t<\/div>\n<\/div><\/div><\/div><\/div><div class=\"vc_row-full-width vc_clearfix\"><\/div><div id=\"section_01\" data-vc-full-width=\"true\" data-vc-full-width-temp=\"true\" data-vc-full-width-init=\"false\" class=\"vc_row wpb_row vc_row-fluid vc_custom_1773571694266 vc_row-o-equal-height vc_row-flex wd-rs-69b68e5c89835\"><div class=\"wpb_column vc_column_container vc_col-sm-6 wd-enabled-flex wd-rs-69b68ba10e721\"><div class=\"vc_column-inner\"><div class=\"wpb_wrapper\">\n\t\t<div id=\"wd-69c1d61563f59\" class=\"title-wrapper wd-wpb wd-set-mb reset-last-child  wd-rs-69c1d61563f59 wd-title-color-default wd-title-style-default text-left  wd-underline-colored\">\n\t\t\t\t\t\t\t\n\t\t\t\t<div class=\"title-subtitle  subtitle-color-default font-alt subtitle-style-default wd-font-weight- wd-fontsize-xs\">01<\/div>\n\t\t\t\n\t\t\t<div class=\"liner-continer\">\n\t\t\t\t<h4 class=\"woodmart-title-container title  wd-font-weight-400 wd-fontsize-l\" >Management and Planning<\/h4>\n\t\t\t\t\t\t\t<\/div>\n\t\t\t\n\t\t\t\n\t\t\t\n\t\t<\/div>\n\t\t\n\t\t\n\t<div class=\"wpb_text_column wpb_content_element\" >\n\t\t<div class=\"wpb_wrapper\">\n\t\t\t<p>The center where strategy is shaped and decisions are based on data.<\/p>\n<p>The first steps of projects, technical roadmaps and product design processes start in this area.<\/p>\n<p>Thanks to digital systems and planning infrastructure, decisions are made with data, not intuition.<\/p>\n<p>The working environment is not only an operational center; it is also a reflection of the sustainability approach.<\/p>\n<p>Technology and nature are positioned in the same frame.<\/p>\n\n\t\t<\/div>\n\t<\/div>\n<\/div><\/div><\/div><div class=\"wpb_column vc_column_container vc_col-sm-6 wd-enabled-flex text-center wd-rs-69b68bc55723d\"><div class=\"vc_column-inner\"><div class=\"wpb_wrapper\">\n\t<div  class=\"wpb_single_image wpb_content_element vc_align_center\">\n\t\t\n\t\t<figure class=\"wpb_wrapper vc_figure\">\n\t\t\t<div class=\"vc_single_image-wrapper   vc_box_border_grey\"><img decoding=\"async\" class=\"vc_single_image-img\" src=\"https:\/\/worimex.com\/wp-content\/uploads\/2026\/03\/WhatsApp-Image-2026-03-24-at-08.57.48-1-556x480.webp\" width=\"556\" height=\"480\" alt=\"WhatsApp Image 2026-03-24 at 08.57.48 (1)\" title=\"WhatsApp Image 2026-03-24 at 08.57.48 (1)\" loading=\"lazy\" \/><\/div>\n\t\t<\/figure>\n\t<\/div>\n<\/div><\/div><\/div><\/div><div class=\"vc_row-full-width vc_clearfix\"><\/div><div id=\"section_02\" data-vc-full-width=\"true\" data-vc-full-width-temp=\"true\" data-vc-full-width-init=\"false\" class=\"vc_row wpb_row vc_row-fluid vc_custom_1773571706933 vc_row-has-fill vc_row-o-equal-height vc_row-flex wd-rs-69b68e75d6608\"><div class=\"wpb_column vc_column_container vc_col-sm-6 wd-enabled-flex text-center wd-rs-69b68bc55723d\"><div class=\"vc_column-inner\"><div class=\"wpb_wrapper\">\n\t<div  class=\"wpb_single_image wpb_content_element vc_align_center\">\n\t\t\n\t\t<figure class=\"wpb_wrapper vc_figure\">\n\t\t\t<div class=\"vc_single_image-wrapper   vc_box_border_grey\"><img decoding=\"async\" class=\"vc_single_image-img\" src=\"https:\/\/worimex.com\/wp-content\/uploads\/2026\/03\/WhatsApp-Image-2026-03-24-at-09.02.08-556x480.webp\" width=\"556\" height=\"480\" alt=\"WhatsApp Image 2026-03-24 at 09.02.08\" title=\"WhatsApp Image 2026-03-24 at 09.02.08\" loading=\"lazy\" \/><\/div>\n\t\t<\/figure>\n\t<\/div>\n<\/div><\/div><\/div><div class=\"wpb_column vc_column_container vc_col-sm-6 wd-enabled-flex wd-rs-69b68ba10e721\"><div class=\"vc_column-inner\"><div class=\"wpb_wrapper\">\n\t\t<div id=\"wd-69c1d6b03acbb\" class=\"title-wrapper wd-wpb wd-set-mb reset-last-child  wd-rs-69c1d6b03acbb wd-title-color-default wd-title-style-default text-left  wd-underline-colored\">\n\t\t\t\t\t\t\t\n\t\t\t\t<div class=\"title-subtitle  subtitle-color-default font-alt subtitle-style-default wd-font-weight- wd-fontsize-xs\">02<\/div>\n\t\t\t\n\t\t\t<div class=\"liner-continer\">\n\t\t\t\t<h4 class=\"woodmart-title-container title  wd-font-weight-400 wd-fontsize-l\" >Production Systems<\/h4>\n\t\t\t\t\t\t\t<\/div>\n\t\t\t\n\t\t\t\n\t\t\t\n\t\t<\/div>\n\t\t\n\t\t\n\t<div class=\"wpb_text_column wpb_content_element\" >\n\t\t<div class=\"wpb_wrapper\">\n\t\t\t<p>6,000 m\u00b2 integrated production area.<\/p>\n<p>Production, assembly, testing and control processes proceed under a single organization.<\/p>\n<p>Thanks to ERP infrastructure and digital traceability systems, every product is recorded from raw material to the final stage.<\/p>\n<p>Process parameters are monitored instantly and quality is standardized.<\/p>\n<p>Machine park, software infrastructure and process management work together.<\/p>\n<p>Technology is positioned not only to speed up production, but to create a sustainable and controlled production model.<\/p>\n\n\t\t<\/div>\n\t<\/div>\n<\/div><\/div><\/div><\/div><div class=\"vc_row-full-width vc_clearfix\"><\/div><div id=\"section_03\" data-vc-full-width=\"true\" data-vc-full-width-temp=\"true\" data-vc-full-width-init=\"false\" class=\"vc_row wpb_row vc_row-fluid vc_custom_1773571716146 vc_row-has-fill vc_row-o-equal-height vc_row-flex wd-rs-69b68e7f6705a\"><div class=\"wpb_column vc_column_container vc_col-sm-6 wd-enabled-flex wd-rs-69b68ba10e721\"><div class=\"vc_column-inner\"><div class=\"wpb_wrapper\">\n\t\t<div id=\"wd-69c1d6b7b5293\" class=\"title-wrapper wd-wpb wd-set-mb reset-last-child  wd-rs-69c1d6b7b5293 wd-title-color-default wd-title-style-default text-left  wd-underline-colored\">\n\t\t\t\t\t\t\t\n\t\t\t\t<div class=\"title-subtitle  subtitle-color-default font-alt subtitle-style-default wd-font-weight- wd-fontsize-xs\">03<\/div>\n\t\t\t\n\t\t\t<div class=\"liner-continer\">\n\t\t\t\t<h4 class=\"woodmart-title-container title  wd-font-weight-400 wd-fontsize-l\" >Logistics and Transportation<\/h4>\n\t\t\t\t\t\t\t<\/div>\n\t\t\t\n\t\t\t\n\t\t\t\n\t\t<\/div>\n\t\t\n\t\t\n\t<div class=\"wpb_text_column wpb_content_element\" >\n\t\t<div class=\"wpb_wrapper\">\n\t\t\t<p>Another area as critical as production: inventory and shipment management.<\/p>\n<p>Each product is identified with ERP integrated software systems.<\/p>\n<p>Inventory movements, shipment organization and after-sales processes are digitally monitored.<\/p>\n<p>This structure ensures not only operational efficiency but also long-term sustainability and resource optimization.<\/p>\n<p>The right product, at the right time, in a controlled flow.<\/p>\n\n\t\t<\/div>\n\t<\/div>\n<\/div><\/div><\/div><div class=\"wpb_column vc_column_container vc_col-sm-6 wd-enabled-flex text-center wd-rs-69b68bc55723d\"><div class=\"vc_column-inner\"><div class=\"wpb_wrapper\">\n\t<div  class=\"wpb_single_image wpb_content_element vc_align_center\">\n\t\t\n\t\t<figure class=\"wpb_wrapper vc_figure\">\n\t\t\t<div class=\"vc_single_image-wrapper   vc_box_border_grey\"><img decoding=\"async\" class=\"vc_single_image-img\" src=\"https:\/\/worimex.com\/wp-content\/uploads\/2026\/03\/image-556x480.webp\" width=\"556\" height=\"480\" alt=\"image\" title=\"image\" loading=\"lazy\" \/><\/div>\n\t\t<\/figure>\n\t<\/div>\n<\/div><\/div><\/div><\/div><div class=\"vc_row-full-width vc_clearfix\"><\/div><div id=\"section_04\" data-vc-full-width=\"true\" data-vc-full-width-temp=\"true\" data-vc-full-width-init=\"false\" class=\"vc_row wpb_row vc_row-fluid vc_custom_1773729361411 vc_row-has-fill vc_row-o-equal-height vc_row-flex wd-rs-69b8f64d0acd8\"><div class=\"wpb_column vc_column_container vc_col-sm-6 wd-enabled-flex text-center wd-rs-69b68bc55723d\"><div class=\"vc_column-inner\"><div class=\"wpb_wrapper\">\n\t<div  class=\"wpb_single_image wpb_content_element vc_align_center\">\n\t\t\n\t\t<figure class=\"wpb_wrapper vc_figure\">\n\t\t\t<div class=\"vc_single_image-wrapper   vc_box_border_grey\"><img decoding=\"async\" class=\"vc_single_image-img\" src=\"https:\/\/worimex.com\/wp-content\/uploads\/2026\/03\/WhatsApp-Image-2026-03-23-at-10.30.27-556x480.webp\" width=\"556\" height=\"480\" alt=\"WhatsApp Image 2026-03-23 at 10.30.27\" title=\"WhatsApp Image 2026-03-23 at 10.30.27\" loading=\"lazy\" \/><\/div>\n\t\t<\/figure>\n\t<\/div>\n<\/div><\/div><\/div><div class=\"wpb_column vc_column_container vc_col-sm-6 wd-enabled-flex wd-rs-69b68ba10e721\"><div class=\"vc_column-inner\"><div class=\"wpb_wrapper\">\n\t\t<div id=\"wd-69c1d6e1bc1d7\" class=\"title-wrapper wd-wpb wd-set-mb reset-last-child  wd-rs-69c1d6e1bc1d7 wd-title-color-default wd-title-style-default text-left  wd-underline-colored\">\n\t\t\t\t\t\t\t\n\t\t\t\t<div class=\"title-subtitle  subtitle-color-default font-alt subtitle-style-default wd-font-weight- wd-fontsize-xs\">04<\/div>\n\t\t\t\n\t\t\t<div class=\"liner-continer\">\n\t\t\t\t<h4 class=\"woodmart-title-container title  wd-font-weight-400 wd-fontsize-l\" >Testing and Validation<\/h4>\n\t\t\t\t\t\t\t<\/div>\n\t\t\t\n\t\t\t\n\t\t\t\n\t\t<\/div>\n\t\t\n\t\t\n\t<div class=\"wpb_text_column wpb_content_element\" >\n\t\t<div class=\"wpb_wrapper\">\n\t\t\t<p>High-tech test infrastructure.<\/p>\n<p>Performance, strength and design criteria are evaluated based on actual use scenarios.<\/p>\n<p>Testing processes are not just for compliance with standards; they measure the long-term reliability of the product.<\/p>\n<p>The data obtained provides feedback to the design and production processes.<\/p>\n<p>An engineering approach that is not content with following sectoral requirements, but anticipates them.<\/p>\n<p>Technology is the decision support system here.<\/p>\n\n\t\t<\/div>\n\t<\/div>\n<\/div><\/div><\/div><\/div><div class=\"vc_row-full-width vc_clearfix\"><\/div><div id=\"section_05\" data-vc-full-width=\"true\" data-vc-full-width-temp=\"true\" data-vc-full-width-init=\"false\" class=\"vc_row wpb_row vc_row-fluid vc_custom_1773729368263 vc_row-has-fill vc_row-o-equal-height vc_row-flex wd-rs-69b8f640decaa\"><div class=\"wpb_column vc_column_container vc_col-sm-6 wd-enabled-flex wd-rs-69b68ba10e721\"><div class=\"vc_column-inner\"><div class=\"wpb_wrapper\">\n\t\t<div id=\"wd-69c1d6eccd7da\" class=\"title-wrapper wd-wpb wd-set-mb reset-last-child  wd-rs-69c1d6eccd7da wd-title-color-default wd-title-style-default text-left  wd-underline-colored\">\n\t\t\t\t\t\t\t\n\t\t\t\t<div class=\"title-subtitle  subtitle-color-default font-alt subtitle-style-default wd-font-weight- wd-fontsize-xs\">05<\/div>\n\t\t\t\n\t\t\t<div class=\"liner-continer\">\n\t\t\t\t<h4 class=\"woodmart-title-container title  wd-font-weight-400 wd-fontsize-l\" >Energy and Sustainability<\/h4>\n\t\t\t\t\t\t\t<\/div>\n\t\t\t\n\t\t\t\n\t\t\t\n\t\t<\/div>\n\t\t\n\t\t\n\t<div class=\"wpb_text_column wpb_content_element\" >\n\t\t<div class=\"wpb_wrapper\">\n\t\t\t<p>Sustainability is not a separate topic; it is the common language of the entire operation.<\/p>\n<p>Energy efficiency, carbon footprint awareness and environmental impact analysis are part of the production model.<\/p>\n<p>Electric vehicle charging infrastructure and environmentally friendly practices are concrete indicators of this approach.<\/p>\n<p>Technology is used to create a more balanced and responsible production model, not just to grow.<\/p>\n<p>The future is designed today.<\/p>\n\n\t\t<\/div>\n\t<\/div>\n<\/div><\/div><\/div><div class=\"wpb_column vc_column_container vc_col-sm-6 wd-enabled-flex text-center wd-rs-69b68bc55723d\"><div class=\"vc_column-inner\"><div class=\"wpb_wrapper\">\n\t<div  class=\"wpb_single_image wpb_content_element vc_align_center\">\n\t\t\n\t\t<figure class=\"wpb_wrapper vc_figure\">\n\t\t\t<div class=\"vc_single_image-wrapper   vc_box_border_grey\"><img decoding=\"async\" class=\"vc_single_image-img\" src=\"https:\/\/worimex.com\/wp-content\/uploads\/2026\/03\/WhatsApp-Image-2026-03-24-at-08.57.48-556x480.webp\" width=\"556\" height=\"480\" alt=\"WhatsApp Image 2026-03-24 at 08.57.48\" title=\"WhatsApp Image 2026-03-24 at 08.57.48\" loading=\"lazy\" \/><\/div>\n\t\t<\/figure>\n\t<\/div>\n<\/div><\/div><\/div><\/div><div class=\"vc_row-full-width vc_clearfix\"><\/div><div data-vc-full-width=\"true\" data-vc-full-width-temp=\"true\" data-vc-full-width-init=\"false\" data-vc-stretch-content=\"true\" class=\"vc_row wpb_row vc_row-fluid vc_custom_1773571650094 vc_row-has-fill vc_row-no-padding wd-rs-69b68dd0665b2\"><div class=\"wpb_column vc_column_container vc_col-sm-12\"><div class=\"vc_column-inner\"><div class=\"wpb_wrapper\">\n\t<div class=\"wpb_raw_code wpb_raw_html wpb_content_element\" >\n\t\t<div class=\"wpb_wrapper\">\n\t\t\t<div style=\"max-width: 1280px; margin: 0px auto; padding-left: 48px; padding-right: 48px; text-align: center;\"><div style=\"width: 32px; height: 2px; background: rgb(255, 210, 0); margin: 0px auto 32px;\"><\/div><p style=\"font-size: 20px; font-weight: 300; color: rgba(255, 255, 255, 0.85); letter-spacing: -0.01em; line-height: 1.65; margin: 0px auto; max-width: 640px;\">The Worimex Production Campus is an integrated structure where engineering discipline and operational excellence are designed together.<\/p><\/div>\n\t\t<\/div>\n\t<\/div>\n<\/div><\/div><\/div><\/div><div class=\"vc_row-full-width vc_clearfix\"><\/div><div class=\"vc_row wpb_row vc_row-fluid\"><div class=\"wpb_column vc_column_container vc_col-sm-12\"><div class=\"vc_column-inner\"><div class=\"wpb_wrapper\"><\/div><\/div><\/div><\/div>\n<\/div>","protected":false},"excerpt":{"rendered":"KAMP\u00dcS \u00dcretim Kamp\u00fcs\u00fc 10.000 m\u00b2 entegre \u00fcretim altyap\u0131s\u0131; izlenebilirlik, kalite ve s\u00fcrd\u00fcr\u00fclebilirlik i\u00e7in tasarland\u0131. KAMP\u00dcS \u00dcretim Kamp\u00fcs\u00fc 10.000 m\u00b2 entegre","protected":false},"author":1,"featured_media":0,"parent":0,"menu_order":0,"comment_status":"closed","ping_status":"closed","template":"","meta":{"footnotes":""},"class_list":["post-632","page","type-page","status-publish","hentry"],"_links":{"self":[{"href":"https:\/\/worimex.com\/en\/wp-json\/wp\/v2\/pages\/632","targetHints":{"allow":["GET"]}}],"collection":[{"href":"https:\/\/worimex.com\/en\/wp-json\/wp\/v2\/pages"}],"about":[{"href":"https:\/\/worimex.com\/en\/wp-json\/wp\/v2\/types\/page"}],"author":[{"embeddable":true,"href":"https:\/\/worimex.com\/en\/wp-json\/wp\/v2\/users\/1"}],"replies":[{"embeddable":true,"href":"https:\/\/worimex.com\/en\/wp-json\/wp\/v2\/comments?post=632"}],"version-history":[{"count":45,"href":"https:\/\/worimex.com\/en\/wp-json\/wp\/v2\/pages\/632\/revisions"}],"predecessor-version":[{"id":1907,"href":"https:\/\/worimex.com\/en\/wp-json\/wp\/v2\/pages\/632\/revisions\/1907"}],"wp:attachment":[{"href":"https:\/\/worimex.com\/en\/wp-json\/wp\/v2\/media?parent=632"}],"curies":[{"name":"WP","href":"https:\/\/api.w.org\/{rel}","templated":true}]}}