{"id":496,"date":"2026-03-09T22:02:28","date_gmt":"2026-03-09T22:02:28","guid":{"rendered":"https:\/\/demo.worimex.com\/?page_id=496"},"modified":"2026-04-21T11:05:56","modified_gmt":"2026-04-21T08:05:56","slug":"product-ecosystem","status":"publish","type":"page","link":"https:\/\/worimex.com\/en\/product-ecosystem\/","title":{"rendered":"Product Ecosystem"},"content":{"rendered":"<div class=\"wpb-content-wrapper\"><div data-vc-full-width=\"true\" data-vc-full-width-temp=\"true\" data-vc-full-width-init=\"false\" class=\"vc_row wpb_row vc_row-fluid vc_custom_1773094254337 vc_row-has-fill wd-rs-69af456a33f1f\"><div class=\"wpb_column vc_column_container vc_col-sm-12\"><div class=\"vc_column-inner\"><div class=\"wpb_wrapper\">\n\t<div class=\"wpb_raw_code wpb_raw_html wpb_content_element\" >\n\t\t<div class=\"wpb_wrapper\">\n\t\t\t<div style=\"display: flex; align-items: center; gap: 10px; margin-bottom: 20px;\"><div style=\"width: 28px; height: 1px; background: rgb(255, 210, 0); flex-shrink: 0;\"><\/div><span style=\"font-size: 10px; font-weight: 600; color: rgba(255, 255, 255, 0.45); letter-spacing: 0.18em; text-transform: uppercase;\">SATI\u015e<\/span><\/div>\n<h1 style=\"font-size: 56px; font-weight: 300; color: rgb(255, 255, 255); letter-spacing: -0.04em; line-height: 1.08; margin: 0px 0px 24px; max-width: 680px;\">\u00dcr\u00fcn Ekosistemi<\/h1>\n<div style=\"width: 56px; height: 2px; background: rgb(255, 210, 0); margin-bottom: 24px;\"><\/div>\n<p style=\"font-size: 17px; font-weight: 400; color: rgba(255, 255, 255, 0.62); line-height: 1.75; margin: 0px; max-width: 580px;\">Worimex, \u0131s\u0131tma sistemlerinde kullan\u0131lan hidrolik, dola\u015f\u0131m, alg\u0131lama ve kontrol bile\u015fenlerini geli\u015ftirir. Platform, OEM \u00fcreticilerini, sat\u0131\u015f sonras\u0131 servis a\u011flar\u0131n\u0131 ve bina sistemi entegrasyonlar\u0131n\u0131 destekler.<\/p>\n<div style=\"margin-top: 48px; display: flex; align-items: center; gap: 10px; opacity: 0.35;\"><div style=\"width: 1px; height: 28px; background: rgb(255, 210, 0);\"><\/div><span style=\"font-size: 9px; font-weight: 500; letter-spacing: 0.14em; color: rgb(255, 255, 255);\">SCROLL<\/span><\/div>\n\t\t<\/div>\n\t<\/div>\n<\/div><\/div><\/div><\/div><div class=\"vc_row-full-width vc_clearfix\"><\/div><div data-vc-full-width=\"true\" data-vc-full-width-temp=\"true\" data-vc-full-width-init=\"false\" class=\"vc_row wpb_row vc_row-fluid vc_custom_1773094644875 vc_row-has-fill wd-rs-69af46e291bce\"><div class=\"wpb_column vc_column_container vc_col-sm-12\"><div class=\"vc_column-inner\"><div class=\"wpb_wrapper\"><div class=\"vc_row wpb_row vc_inner vc_row-fluid vc_custom_1773094667590 wd-rs-69af470471f13\"><div class=\"wpb_column vc_column_container vc_col-sm-6\"><div class=\"vc_column-inner\"><div class=\"wpb_wrapper\">\n\t\t<div id=\"wd-69af468639553\" class=\"title-wrapper wd-wpb wd-set-mb reset-last-child  wd-rs-69af468639553 wd-title-color-primary wd-title-style-default text-left  wd-underline-colored\">\n\t\t\t\t\t\t\t\n\t\t\t\t<div class=\"title-subtitle  subtitle-color-primary font-alt subtitle-style-default wd-font-weight- wd-fontsize-xs\">UYGULAMA ALANLARI<\/div>\n\t\t\t\n\t\t\t<div class=\"liner-continer\">\n\t\t\t\t<h4 class=\"woodmart-title-container title  wd-font-weight-400 wd-fontsize-l\" >Uygulama Alanlar\u0131<\/h4>\n\t\t\t\t\t\t\t<\/div>\n\t\t\t\n\t\t\t\n\t\t\t\n\t\t<\/div>\n\t\t\n\t\t\n\t<div class=\"wpb_text_column wpb_content_element vc_custom_1773094558293\" >\n\t\t<div class=\"wpb_wrapper\">\n\t\t\t<p>\u00dc\u00e7 temel \u0131s\u0131tma sistemi pazar\u0131nda entegre bile\u015fen \u00e7\u00f6z\u00fcmleri.<\/p>\n\n\t\t<\/div>\n\t<\/div>\n<\/div><\/div><\/div><div class=\"wpb_column vc_column_container vc_col-sm-6\"><div class=\"vc_column-inner\"><div class=\"wpb_wrapper\"><\/div><\/div><\/div><\/div><div class=\"vc_row wpb_row vc_inner vc_row-fluid\"><div class=\"wpb_column vc_column_container vc_col-sm-12\"><div class=\"vc_column-inner\"><div class=\"wpb_wrapper\">\n\t<div class=\"wpb_raw_code wpb_raw_html wpb_content_element\" >\n\t\t<div class=\"wpb_wrapper\">\n\t\t\t<div class=\"oem-areas\" style=\"display: grid; grid-template-columns: repeat(3, 1fr); gap: 20px;\">\r\n  <a href=\"\/hvac-oem\" data-discover=\"true\" style=\"position: relative; overflow: hidden; cursor: pointer; min-height: 380px; display: flex; flex-direction: column; justify-content: flex-end; text-decoration: none; opacity: 1; transform: translateY(0px); transition: opacity 0.7s, transform 0.7s;\">\r\n    <div style=\"position: absolute; inset: 0px; z-index: 0;\">\r\n      <img decoding=\"async\" src=\"https:\/\/images.unsplash.com\/photo-1697281679290-ad7be1b10682?crop=entropy&amp;cs=tinysrgb&amp;fit=max&amp;fm=jpg&amp;ixid=M3w3Nzg4Nzd8MHwxfHNlYXJjaHwxfHxoZWF0aW5nJTIwYm9pbGVyJTIwZmFjdG9yeSUyME9FTSUyMHByb2R1Y3Rpb24lMjBsaW5lfGVufDF8fHx8MTc3Mjg5ODgwMXww&amp;ixlib=rb-4.1.0&amp;q=80&amp;w=1080\" alt=\"HVAC OEM\" style=\"width: 100%; height: 100%; object-fit: cover; display: block; filter: brightness(0.38) saturate(0.6); transform: scale(1); transition: filter 0.5s, transform 0.5s;\">\r\n    <\/div>\r\n    <div style=\"position: absolute; inset: 0px; z-index: 1; background: linear-gradient(transparent 30%, rgba(0, 0, 0, 0.72) 100%);\"><\/div>\r\n    <div style=\"position: absolute; top: 0px; left: 0px; right: 0px; height: 3px; z-index: 3; background: rgb(255, 210, 0); transform: scaleX(0); transform-origin: left center; transition: transform 0.4s cubic-bezier(0.4, 0, 0.2, 1);\"><\/div>\r\n    <div style=\"position: relative; z-index: 2; padding: 36px 32px;\">\r\n      <span style=\"font-size: 9px; font-weight: 600; color: rgb(255, 210, 0); letter-spacing: 0.16em; display: block; margin-bottom: 10px;\">01<\/span>\r\n      <h3 style=\"font-size: 22px; font-weight: 500; color: rgb(255, 255, 255); letter-spacing: -0.015em; line-height: 1.2; margin: 0px 0px 10px;\">HVAC OEM<\/h3>\r\n      <p style=\"font-size: 13px; font-weight: 400; color: rgba(255, 255, 255, 0.55); line-height: 1.65; margin: 0px; max-width: 280px; opacity: 0.7; transform: translateY(4px); transition: opacity 0.35s, transform 0.35s;\">Kazan \u00fcreticileri ve \u0131s\u0131tma ekipman\u0131 OEM programlar\u0131 i\u00e7in geli\u015ftirilen hidrolik ve dola\u015f\u0131m \u00e7\u00f6z\u00fcmleri.<\/p>\r\n    <\/div>\r\n  <\/a>\r\n\r\n  <a href=\"\/hvac-aftermarket\" data-discover=\"true\" style=\"position: relative; overflow: hidden; cursor: pointer; min-height: 380px; display: flex; flex-direction: column; justify-content: flex-end; text-decoration: none; opacity: 1; transform: translateY(0px); transition: opacity 0.7s 0.12s, transform 0.7s 0.12s;\">\r\n    <div style=\"position: absolute; inset: 0px; z-index: 0;\">\r\n      <img decoding=\"async\" src=\"https:\/\/images.unsplash.com\/photo-1469289759076-d1484757abc3?crop=entropy&amp;cs=tinysrgb&amp;fit=max&amp;fm=jpg&amp;ixid=M3w3Nzg4Nzd8MHwxfHNlYXJjaHwxfHxhZnRlcm1hcmtldCUyMHNwYXJlJTIwcGFydHMlMjBpbmR1c3RyaWFsJTIwd2FyZWhvdXNlfGVufDF8fHx8MTc3Mjg5ODgwMXww&amp;ixlib=rb-4.1.0&amp;q=80&amp;w=1080\" alt=\"HVAC Aftermarket\" style=\"width: 100%; height: 100%; object-fit: cover; display: block; filter: brightness(0.38) saturate(0.6); transform: scale(1); transition: filter 0.5s, transform 0.5s;\">\r\n    <\/div>\r\n    <div style=\"position: absolute; inset: 0px; z-index: 1; background: linear-gradient(transparent 30%, rgba(0, 0, 0, 0.72) 100%);\"><\/div>\r\n    <div style=\"position: absolute; top: 0px; left: 0px; right: 0px; height: 3px; z-index: 3; background: rgb(255, 210, 0); transform: scaleX(0); transform-origin: left center; transition: transform 0.4s cubic-bezier(0.4, 0, 0.2, 1);\"><\/div>\r\n    <div style=\"position: relative; z-index: 2; padding: 36px 32px;\">\r\n      <span style=\"font-size: 9px; font-weight: 600; color: rgb(255, 210, 0); letter-spacing: 0.16em; display: block; margin-bottom: 10px;\">02<\/span>\r\n      <h3 style=\"font-size: 22px; font-weight: 500; color: rgb(255, 255, 255); letter-spacing: -0.015em; line-height: 1.2; margin: 0px 0px 10px;\">HVAC Aftermarket<\/h3>\r\n      <p style=\"font-size: 13px; font-weight: 400; color: rgba(255, 255, 255, 0.55); line-height: 1.65; margin: 0px; max-width: 280px; opacity: 0.7; transform: translateY(4px); transition: opacity 0.35s, transform 0.35s;\">Is\u0131tma sistemi bak\u0131m ve onar\u0131m pazarlar\u0131n\u0131 destekleyen yedek bile\u015fenler ve servis \u00e7\u00f6z\u00fcmleri.<\/p>\r\n    <\/div>\r\n  <\/a>\r\n\r\n  <a href=\"\/building-systems\" data-discover=\"true\" style=\"position: relative; overflow: hidden; cursor: pointer; min-height: 380px; display: flex; flex-direction: column; justify-content: flex-end; text-decoration: none; opacity: 1; transform: translateY(0px); transition: opacity 0.7s 0.24s, transform 0.7s 0.24s;\">\r\n    <div style=\"position: absolute; inset: 0px; z-index: 0;\">\r\n      <img decoding=\"async\" src=\"https:\/\/images.unsplash.com\/photo-1765131543271-fabc683e75b3?crop=entropy&amp;cs=tinysrgb&amp;fit=max&amp;fm=jpg&amp;ixid=M3w3Nzg4Nzd8MHwxfHNlYXJjaHwxfHxjb21tZXJjaWFsJTIwYnVpbGRpbmclMjBIVkFDJTIwcGlwaW5nJTIwc3lzdGVtfGVufDF8fHx8MTc3Mjg5ODgwMnww&amp;ixlib=rb-4.1.0&amp;q=80&amp;w=1080\" alt=\"Building Systems\" style=\"width: 100%; height: 100%; object-fit: cover; display: block; filter: brightness(0.38) saturate(0.6); transform: scale(1); transition: filter 0.5s, transform 0.5s;\">\r\n    <\/div>\r\n    <div style=\"position: absolute; inset: 0px; z-index: 1; background: linear-gradient(transparent 30%, rgba(0, 0, 0, 0.72) 100%);\"><\/div>\r\n    <div style=\"position: absolute; top: 0px; left: 0px; right: 0px; height: 3px; z-index: 3; background: rgb(255, 210, 0); transform: scaleX(0); transform-origin: left center; transition: transform 0.4s cubic-bezier(0.4, 0, 0.2, 1);\"><\/div>\r\n    <div style=\"position: relative; z-index: 2; padding: 36px 32px;\">\r\n      <span style=\"font-size: 9px; font-weight: 600; color: rgb(255, 210, 0); letter-spacing: 0.16em; display: block; margin-bottom: 10px;\">03<\/span>\r\n      <h3 style=\"font-size: 22px; font-weight: 500; color: rgb(255, 255, 255); letter-spacing: -0.015em; line-height: 1.2; margin: 0px 0px 10px;\">Building Systems<\/h3>\r\n      <p style=\"font-size: 13px; font-weight: 400; color: rgba(255, 255, 255, 0.55); line-height: 1.65; margin: 0px; max-width: 280px; opacity: 0.7; transform: translateY(4px); transition: opacity 0.35s, transform 0.35s;\">Konut ve ticari bina \u0131s\u0131tma sistemlerinde kullan\u0131lan dola\u015f\u0131m, alg\u0131lama ve kontrol bile\u015fenleri.<\/p>\r\n    <\/div>\r\n  <\/a>\r\n<\/div>\r\n\r\n<style>\r\n.oem-areas{\r\n    display:grid !important;\r\n    grid-template-columns:repeat(3,minmax(0,1fr)) !important;\r\n    gap:20px !important;\r\n}\r\n\r\n.oem-areas > a{\r\n    min-height:380px !important;\r\n}\r\n\r\n.oem-areas > a:hover img{\r\n    transform:scale(1.05) !important;\r\n    filter:brightness(0.46) saturate(0.72) !important;\r\n}\r\n\r\n.oem-areas > a:hover > div[style*=\"height: 3px\"]{\r\n    transform:scaleX(1) !important;\r\n}\r\n\r\n.oem-areas > a:hover p{\r\n    opacity:1 !important;\r\n    transform:translateY(0) !important;\r\n}\r\n\r\n.oem-areas > a > div:last-child{\r\n    padding:36px 32px !important;\r\n}\r\n\r\n.oem-areas h3{\r\n    font-size:22px !important;\r\n    line-height:1.2 !important;\r\n}\r\n\r\n.oem-areas p{\r\n    max-width:280px !important;\r\n    line-height:1.65 !important;\r\n}\r\n\r\n\/* Tablet *\/\r\n@media (max-width: 1024px){\r\n    .oem-areas{\r\n        grid-template-columns:repeat(2,minmax(0,1fr)) !important;\r\n        gap:16px !important;\r\n    }\r\n\r\n    .oem-areas > a{\r\n        min-height:320px !important;\r\n    }\r\n\r\n    .oem-areas > a > div:last-child{\r\n        padding:28px 24px !important;\r\n    }\r\n\r\n    .oem-areas h3{\r\n        font-size:20px !important;\r\n    }\r\n}\r\n\r\n\/* Mobile *\/\r\n@media (max-width: 767px){\r\n    .oem-areas{\r\n        grid-template-columns:1fr !important;\r\n        gap:14px !important;\r\n    }\r\n\r\n    .oem-areas > a{\r\n        min-height:260px !important;\r\n    }\r\n\r\n    .oem-areas > a > div:last-child{\r\n        padding:22px 18px !important;\r\n    }\r\n\r\n    .oem-areas h3{\r\n        font-size:18px !important;\r\n        margin:0 0 8px !important;\r\n    }\r\n\r\n    .oem-areas p{\r\n        font-size:12px !important;\r\n        max-width:none !important;\r\n        opacity:.9 !important;\r\n        transform:none !important;\r\n    }\r\n}\r\n\r\n\/* Small Mobile *\/\r\n@media (max-width: 480px){\r\n    .oem-areas > a{\r\n        min-height:220px !important;\r\n    }\r\n\r\n    .oem-areas > a > div:last-child{\r\n        padding:18px 16px !important;\r\n    }\r\n\r\n    .oem-areas h3{\r\n        font-size:17px !important;\r\n    }\r\n}\r\n<\/style>\n\t\t<\/div>\n\t<\/div>\n<\/div><\/div><\/div><\/div><\/div><\/div><\/div><\/div><div class=\"vc_row-full-width vc_clearfix\"><\/div><div data-vc-full-width=\"true\" data-vc-full-width-temp=\"true\" data-vc-full-width-init=\"false\" class=\"vc_row wpb_row vc_row-fluid vc_custom_1773094833636 vc_row-has-fill wd-rs-69af47a8a869c\"><div class=\"wpb_column vc_column_container vc_col-sm-12\"><div class=\"vc_column-inner\"><div class=\"wpb_wrapper\"><div class=\"vc_row wpb_row vc_inner vc_row-fluid vc_custom_1773094667590 wd-rs-69af470471f13\"><div class=\"wpb_column vc_column_container vc_col-sm-6\"><div class=\"vc_column-inner\"><div class=\"wpb_wrapper\">\n\t\t<div id=\"wd-69af4729f39a4\" class=\"title-wrapper wd-wpb wd-set-mb reset-last-child  wd-rs-69af4729f39a4 wd-title-color-primary wd-title-style-default text-left  wd-underline-colored\">\n\t\t\t\t\t\t\t\n\t\t\t\t<div class=\"title-subtitle  subtitle-color-primary font-alt subtitle-style-default wd-font-weight- wd-fontsize-xs\">\u00dcR\u00dcN A\u0130LELER\u0130<\/div>\n\t\t\t\n\t\t\t<div class=\"liner-continer\">\n\t\t\t\t<h4 class=\"woodmart-title-container title  wd-font-weight-400 wd-fontsize-l\" >\u00dcr\u00fcn Aileleri<\/h4>\n\t\t\t\t\t\t\t<\/div>\n\t\t\t\n\t\t\t\n\t\t\t\n\t\t<\/div>\n\t\t\n\t\t\n\t<div class=\"wpb_text_column wpb_content_element vc_custom_1773094730649\" >\n\t\t<div class=\"wpb_wrapper\">\n\t\t\t<p>Is\u0131tma sistemi entegrasyonu i\u00e7in m\u00fchendislik edilmi\u015f d\u00f6rt temel \u00fcr\u00fcn<br \/>\ngrubu.<\/p>\n\n\t\t<\/div>\n\t<\/div>\n<\/div><\/div><\/div><div class=\"wpb_column vc_column_container vc_col-sm-6\"><div class=\"vc_column-inner\"><div class=\"wpb_wrapper\"><\/div><\/div><\/div><\/div><div class=\"vc_row wpb_row vc_inner vc_row-fluid\"><div class=\"wpb_column vc_column_container vc_col-sm-12\"><div class=\"vc_column-inner\"><div class=\"wpb_wrapper\">\n\t<div class=\"wpb_raw_code wpb_raw_html wpb_content_element\" >\n\t\t<div class=\"wpb_wrapper\">\n\t\t\t<style>\r\n.oem-families{\r\n  display:grid;\r\n  grid-template-columns:repeat(4,1fr);\r\n  gap:16px;\r\n}\r\n\r\n.oem-card{\r\n  background:#fff;\r\n  border:1px solid rgb(236,236,240);\r\n  overflow:hidden;\r\n  cursor:pointer;\r\n  text-decoration:none;\r\n  transition:opacity .6s, transform .6s, border-color .3s;\r\n}\r\n\r\n.oem-card:hover{\r\n  border-top:1px solid rgb(255,210,0);\r\n  border-right:1px solid rgb(236,236,240);\r\n  border-bottom:1px solid rgb(236,236,240);\r\n  border-left:1px solid rgb(236,236,240);\r\n}\r\n\r\n.oem-card-image{\r\n  position:relative;\r\n  overflow:hidden;\r\n  height:200px;\r\n  padding:10px;\r\n  background:#fff;\r\n}\r\n\r\n.oem-card-image img{\r\n  width:100%;\r\n  height:100%;\r\n  object-fit:contain;\r\n  display:block;\r\n  --filter:saturate(0.7) brightness(0.85);\r\n  transition:transform .5s;\r\n}\r\n\r\n.oem-card:hover .oem-card-image img{\r\n  transform:scale(1.03);\r\n}\r\n\r\n.oem-card-gradient{\r\n  position:absolute;\r\n  bottom:0;\r\n  left:0;\r\n  right:0;\r\n  height:30%;\r\n  background:linear-gradient(transparent, rgba(0,0,0,0.05));\r\n  opacity:0;\r\n  transition:opacity .3s;\r\n}\r\n\r\n.oem-card:hover .oem-card-gradient{\r\n  opacity:1;\r\n}\r\n\r\n.oem-card-content{\r\n  padding:24px 24px 28px;\r\n}\r\n\r\n.oem-card-top{\r\n  display:flex;\r\n  align-items:center;\r\n  gap:8px;\r\n  margin-bottom:12px;\r\n}\r\n\r\n.oem-card-line{\r\n  width:18px;\r\n  height:2px;\r\n  background:rgb(216,216,222);\r\n  transition:background .3s;\r\n}\r\n\r\n.oem-card-number{\r\n  font-size:9px;\r\n  font-weight:600;\r\n  letter-spacing:.14em;\r\n  color:rgb(176,176,184);\r\n  transition:color .3s;\r\n}\r\n\r\n.oem-card:hover .oem-card-line{\r\n  background:rgb(255,210,0);\r\n}\r\n\r\n.oem-card:hover .oem-card-number{\r\n  color:rgb(255,210,0);\r\n}\r\n\r\n.oem-card-title{\r\n  font-size:15px;\r\n  font-weight:500;\r\n  color:rgb(17,17,17);\r\n  margin:0 0 8px;\r\n  letter-spacing:-0.01em;\r\n}\r\n\r\n.oem-card-text{\r\n  font-size:12px;\r\n  font-weight:400;\r\n  color:rgb(119,119,119);\r\n  line-height:1.65;\r\n  margin:0;\r\n}\r\n\r\n@media (max-width: 1024px){\r\n  .oem-families{\r\n    grid-template-columns:repeat(2,1fr);\r\n  }\r\n}\r\n\r\n@media (max-width: 767px){\r\n  .oem-families{\r\n    grid-template-columns:1fr;\r\n  }\r\n}\r\n<\/style>\r\n\r\n<div class=\"oem-families\">\r\n\r\n  <a href=\"\/hydraulic-groups\" class=\"oem-card\">\r\n    <div class=\"oem-card-image\">\r\n      <img decoding=\"async\" src=\"\/wp-content\/uploads\/2026\/04\/blok2.webp\" alt=\"Hidrolik Gruplar\">\r\n      <div class=\"oem-card-gradient\"><\/div>\r\n    <\/div>\r\n    <div class=\"oem-card-content\">\r\n      <div class=\"oem-card-top\">\r\n        <div class=\"oem-card-line\"><\/div>\r\n        <span class=\"oem-card-number\">01<\/span>\r\n      <\/div>\r\n      <h4 class=\"oem-card-title\">Hidrolik Gruplar<\/h4>\r\n      <p class=\"oem-card-text\">Kazan ve \u0131s\u0131tma sistemlerinde su da\u011f\u0131t\u0131m\u0131n\u0131 kontrol eden bile\u015fenler.<\/p>\r\n    <\/div>\r\n  <\/a>\r\n\r\n  <a href=\"\/circulation-pumps\" class=\"oem-card\">\r\n    <div class=\"oem-card-image\">\r\n      <img decoding=\"async\" src=\"\/wp-content\/uploads\/2026\/04\/3be2.webp\" alt=\"Sirk\u00fclasyon Pompalar\u0131\">\r\n      <div class=\"oem-card-gradient\"><\/div>\r\n    <\/div>\r\n    <div class=\"oem-card-content\">\r\n      <div class=\"oem-card-top\">\r\n        <div class=\"oem-card-line\"><\/div>\r\n        <span class=\"oem-card-number\">02<\/span>\r\n      <\/div>\r\n      <h4 class=\"oem-card-title\">Sirk\u00fclasyon Pompalar\u0131<\/h4>\r\n      <p class=\"oem-card-text\">Is\u0131tma sistemlerinde su dola\u015f\u0131m\u0131n\u0131 sa\u011flayan enerji verimli pompalar.<\/p>\r\n    <\/div>\r\n  <\/a>\r\n\r\n  <a href=\"\/measurement-systems\" class=\"oem-card\">\r\n    <div class=\"oem-card-image\">\r\n      <img decoding=\"async\" src=\"\/wp-content\/uploads\/2026\/04\/manotermo.webp\" alt=\"\u00d6l\u00e7\u00fcm Sistemleri\">\r\n      <div class=\"oem-card-gradient\"><\/div>\r\n    <\/div>\r\n    <div class=\"oem-card-content\">\r\n      <div class=\"oem-card-top\">\r\n        <div class=\"oem-card-line\"><\/div>\r\n        <span class=\"oem-card-number\">03<\/span>\r\n      <\/div>\r\n      <h4 class=\"oem-card-title\">\u00d6l\u00e7\u00fcm Sistemleri<\/h4>\r\n      <p class=\"oem-card-text\">S\u0131cakl\u0131k ve bas\u0131n\u00e7 \u00f6l\u00e7\u00fcm bile\u015fenleri.<\/p>\r\n    <\/div>\r\n  <\/a>\r\n\r\n  <a href=\"\/components\" class=\"oem-card\">\r\n    <div class=\"oem-card-image\">\r\n      <img decoding=\"async\" src=\"\/wp-content\/uploads\/2026\/04\/emniyet-ventili-purjor.webp\" alt=\"Sistem Bile\u015fenleri\">\r\n      <div class=\"oem-card-gradient\"><\/div>\r\n    <\/div>\r\n    <div class=\"oem-card-content\">\r\n      <div class=\"oem-card-top\">\r\n        <div class=\"oem-card-line\"><\/div>\r\n        <span class=\"oem-card-number\">04<\/span>\r\n      <\/div>\r\n      <h4 class=\"oem-card-title\">Sistem Bile\u015fenleri<\/h4>\r\n      <p class=\"oem-card-text\">Is\u0131tma sistemlerinde kullan\u0131lan destekleyici mekanik ve hidrolik bile\u015fenler.<\/p>\r\n    <\/div>\r\n  <\/a>\r\n\r\n<\/div>\n\t\t<\/div>\n\t<\/div>\n<\/div><\/div><\/div><\/div><\/div><\/div><\/div><\/div><div class=\"vc_row-full-width vc_clearfix\"><\/div>\n<\/div>","protected":false},"excerpt":{"rendered":"SATI\u015e \u00dcr\u00fcn Ekosistemi Worimex, \u0131s\u0131tma sistemlerinde kullan\u0131lan hidrolik, dola\u015f\u0131m, alg\u0131lama ve kontrol bile\u015fenlerini geli\u015ftirir. Platform, OEM \u00fcreticilerini, sat\u0131\u015f sonras\u0131 servis","protected":false},"author":1,"featured_media":0,"parent":0,"menu_order":0,"comment_status":"closed","ping_status":"closed","template":"","meta":{"footnotes":""},"class_list":["post-496","page","type-page","status-publish","hentry"],"_links":{"self":[{"href":"https:\/\/worimex.com\/en\/wp-json\/wp\/v2\/pages\/496","targetHints":{"allow":["GET"]}}],"collection":[{"href":"https:\/\/worimex.com\/en\/wp-json\/wp\/v2\/pages"}],"about":[{"href":"https:\/\/worimex.com\/en\/wp-json\/wp\/v2\/types\/page"}],"author":[{"embeddable":true,"href":"https:\/\/worimex.com\/en\/wp-json\/wp\/v2\/users\/1"}],"replies":[{"embeddable":true,"href":"https:\/\/worimex.com\/en\/wp-json\/wp\/v2\/comments?post=496"}],"version-history":[{"count":52,"href":"https:\/\/worimex.com\/en\/wp-json\/wp\/v2\/pages\/496\/revisions"}],"predecessor-version":[{"id":1908,"href":"https:\/\/worimex.com\/en\/wp-json\/wp\/v2\/pages\/496\/revisions\/1908"}],"wp:attachment":[{"href":"https:\/\/worimex.com\/en\/wp-json\/wp\/v2\/media?parent=496"}],"curies":[{"name":"WP","href":"https:\/\/api.w.org\/{rel}","templated":true}]}}