{"id":1868,"date":"2026-04-07T10:50:39","date_gmt":"2026-04-07T07:50:39","guid":{"rendered":"https:\/\/worimex.com\/?page_id=1868"},"modified":"2026-04-07T10:54:50","modified_gmt":"2026-04-07T07:54:50","slug":"terms-of-use","status":"publish","type":"page","link":"https:\/\/worimex.com\/en\/terms-of-use\/","title":{"rendered":"Terms of Use"},"content":{"rendered":"<div class=\"wpb-content-wrapper\"><div data-vc-full-width=\"true\" data-vc-full-width-temp=\"true\" data-vc-full-width-init=\"false\" data-vc-stretch-content=\"true\" class=\"vc_row wpb_row vc_row-fluid vc_custom_1775548028306 vc_row-no-padding wd-rs-69d4b65b86a40\"><div class=\"wpb_column vc_column_container vc_col-sm-12\"><div class=\"vc_column-inner\"><div class=\"wpb_wrapper\">\n\t<div class=\"wpb_raw_code wpb_raw_html wpb_content_element vc_custom_1775548488159\" >\n\t\t<div class=\"wpb_wrapper\">\n\t\t\t<div class=\"wmx-brand-intro\">\r\n  <div class=\"wmx-brand-intro-container\">\r\n    <div class=\"wmx-brand-intro-label\">\r\n      <div class=\"wmx-brand-intro-label-line\"><\/div>\r\n      <span>Legal<\/span>\r\n    <\/div>\r\n\r\n<h1>Terms of Use<\/h1>\r\n\r\n<div class=\"wmx-brand-intro-divider\"><\/div>\r\n\r\n<div class=\"wmx-brand-intro-text\">\r\n  <p>Bu web sitesini kullanan t\u00fcm ziyaret\u00e7iler, a\u015fa\u011f\u0131da belirtilen kullan\u0131m ko\u015fullar\u0131n\u0131 kabul etmi\u015f say\u0131l\u0131r. Worimex, bu ko\u015fullar\u0131 \u00f6nceden bildirimde bulunmaks\u0131z\u0131n de\u011fi\u015ftirme hakk\u0131n\u0131 sakl\u0131 tutar.<\/p>\r\n\r\n  <h2>1. Site Kullan\u0131m\u0131<\/h2>\r\n  <p>Worimex web sitesi yaln\u0131zca bilgilendirme amac\u0131yla sunulmaktad\u0131r. Kullan\u0131c\u0131lar, siteyi yasalara uygun \u015fekilde kullanmay\u0131 ve \u00fc\u00e7\u00fcnc\u00fc ki\u015filerin haklar\u0131n\u0131 ihlal etmemeyi kabul eder.<\/p>\r\n\r\n  <h2>2. \u0130\u00e7erik Kullan\u0131m\u0131<\/h2>\r\n  <p>Web sitesinde yer alan t\u00fcm i\u00e7erikler Worimex\u2019e aittir veya kullan\u0131m hakk\u0131 Worimex\u2019e aittir. Bu i\u00e7erikler, yaz\u0131l\u0131 izin al\u0131nmaks\u0131z\u0131n kopyalanamaz, \u00e7o\u011falt\u0131lamaz, da\u011f\u0131t\u0131lamaz veya ticari ama\u00e7larla kullan\u0131lamaz.<\/p>\r\n\r\n  <h2>3. Kullan\u0131c\u0131 Y\u00fck\u00fcml\u00fcl\u00fckleri<\/h2>\r\n  <p>Kullan\u0131c\u0131lar, web sitesini kullan\u0131rken:<\/p>\r\n  <ul>\r\n    <li>Yasalara ve genel ahlak kurallar\u0131na uygun hareket etmeyi<\/li>\r\n    <li>Yan\u0131lt\u0131c\u0131, zararl\u0131 veya hukuka ayk\u0131r\u0131 i\u00e7erik payla\u015fmamay\u0131<\/li>\r\n    <li>Siteye zarar verebilecek herhangi bir giri\u015fimde bulunmamay\u0131<\/li>\r\n  <\/ul>\r\n  <p>kabul eder.<\/p>\r\n\r\n  <h2>4. Sorumlulu\u011fun S\u0131n\u0131rland\u0131r\u0131lmas\u0131<\/h2>\r\n  <p>Worimex, web sitesinde yer alan bilgilerin do\u011frulu\u011fu ve g\u00fcncelli\u011fi konusunda azami \u00f6zen g\u00f6stermektedir. Ancak, bu bilgilerin kullan\u0131m\u0131ndan do\u011fabilecek do\u011frudan veya dolayl\u0131 zararlardan sorumlu tutulamaz.<\/p>\r\n\r\n  <h2>5. \u00dc\u00e7\u00fcnc\u00fc Taraf Hizmetler ve Ba\u011flant\u0131lar<\/h2>\r\n  <p>Web sitesi, \u00fc\u00e7\u00fcnc\u00fc taraf hizmet sa\u011flay\u0131c\u0131lar\u0131n ara\u00e7lar\u0131n\u0131 ve ba\u011flant\u0131lar\u0131n\u0131 i\u00e7erebilir. Bu hizmetlerin kullan\u0131m\u0131ndan do\u011fabilecek sonu\u00e7lar ilgili \u00fc\u00e7\u00fcnc\u00fc taraflar\u0131n sorumlulu\u011fundad\u0131r.<\/p>\r\n\r\n  <h2>6. Siteye Eri\u015fim<\/h2>\r\n  <p>Worimex, web sitesinin kesintisiz veya hatas\u0131z \u00e7al\u0131\u015faca\u011f\u0131n\u0131 garanti etmez. Gerekli g\u00f6r\u00fcld\u00fc\u011f\u00fcnde siteye eri\u015fim ge\u00e7ici olarak durdurulabilir veya tamamen sonland\u0131r\u0131labilir.<\/p>\r\n\r\n  <h2>7. De\u011fi\u015fiklik Hakk\u0131<\/h2>\r\n  <p>Worimex, web sitesinde yer alan i\u00e7erikleri ve kullan\u0131m ko\u015fullar\u0131n\u0131 \u00f6nceden bildirimde bulunmaks\u0131z\u0131n de\u011fi\u015ftirme hakk\u0131n\u0131 sakl\u0131 tutar.<\/p>\r\n\r\n  <h2>8. Uygulanacak Hukuk<\/h2>\r\n  <p>Bu kullan\u0131m ko\u015fullar\u0131n\u0131n yorumlanmas\u0131nda ve uygulanmas\u0131nda T\u00fcrkiye Cumhuriyeti kanunlar\u0131 ge\u00e7erli olup, do\u011fabilecek uyu\u015fmazl\u0131klarda \u0130stanbul Mahkemeleri ve \u0130cra Daireleri yetkilidir.<\/p>\r\n\r\n  <h2>9. \u0130leti\u015fim<\/h2>\r\n  <p>Kullan\u0131m ko\u015fullar\u0131 ile ilgili sorular\u0131n\u0131z i\u00e7in bizimle ileti\u015fime ge\u00e7ebilirsiniz.<\/p>\r\n<\/div>\r\n      \r\n    <\/div>\r\n  <\/div>\r\n\r\n  <style>\r\n    .wmx-brand-intro{\r\n      width: 100%;\r\n      background: #ffffff;\r\n    }\r\n\r\n    .wmx-brand-intro-container{\r\n      max-width: 1200px;\r\n      margin: 0 auto;\r\n      padding-left: 40px;\r\n      padding-right: 40px;\r\n    }\r\n\r\n    .wmx-brand-intro-label{\r\n      display: flex;\r\n      align-items: center;\r\n      gap: 10px;\r\n      margin-bottom: 24px;\r\n    }\r\n\r\n    .wmx-brand-intro-label-line{\r\n      width: 20px;\r\n      height: 1px;\r\n      background: rgb(255, 210, 0);\r\n      flex-shrink: 0;\r\n    }\r\n\r\n    .wmx-brand-intro-label span{\r\n      font-size: 10px;\r\n      font-weight: 500;\r\n      color: rgb(158, 158, 166);\r\n      letter-spacing: 0.18em;\r\n      text-transform: uppercase;\r\n      line-height: 1;\r\n    }\r\n\r\n    .wmx-brand-intro h1{\r\n      font-size: 34px;\r\n      font-weight: 400;\r\n      color: rgb(17, 17, 17);\r\n      letter-spacing: -0.025em;\r\n      line-height: 1.18;\r\n      margin: 0 0 24px;\r\n      max-width: 560px;\r\n    }\r\n\r\n    .wmx-brand-intro-divider{\r\n      width: 32px;\r\n      height: 1px;\r\n      background: rgb(255, 210, 0);\r\n      margin-bottom: 24px;\r\n    }\r\n\r\n    .wmx-brand-intro-text{\r\n      --max-width: 580px;\r\n      display: flex;\r\n      flex-direction: column;\r\n      gap: 16px;\r\n    }\r\n\r\n    .wmx-brand-intro-text p{\r\n      font-size: 15px;\r\n      font-weight: 400;\r\n      color: rgb(110, 110, 115);\r\n      line-height: 1.8;\r\n      letter-spacing: 0.003em;\r\n      margin: 0;\r\n    }\r\n\r\n    @media (max-width: 991px){\r\n      .wmx-brand-intro-container{\r\n        padding-left: 28px;\r\n        padding-right: 28px;\r\n      }\r\n\r\n      .wmx-brand-intro h1{\r\n        font-size: 30px;\r\n        max-width: 520px;\r\n      }\r\n    }\r\n\r\n    @media (max-width: 767px){\r\n      .wmx-brand-intro-container{\r\n        padding-left: 20px;\r\n        padding-right: 20px;\r\n      }\r\n\r\n      .wmx-brand-intro-label{\r\n        gap: 8px;\r\n        margin-bottom: 18px;\r\n      }\r\n\r\n      .wmx-brand-intro-label-line{\r\n        width: 16px;\r\n      }\r\n\r\n      .wmx-brand-intro-label span{\r\n        font-size: 9px;\r\n        letter-spacing: 0.14em;\r\n      }\r\n\r\n      .wmx-brand-intro h1{\r\n        font-size: 26px;\r\n        line-height: 1.22;\r\n        margin-bottom: 20px;\r\n        max-width: 100%;\r\n      }\r\n\r\n      .wmx-brand-intro-divider{\r\n        width: 28px;\r\n        margin-bottom: 20px;\r\n      }\r\n\r\n      .wmx-brand-intro-text{\r\n        gap: 14px;\r\n        max-width: 100%;\r\n      }\r\n\r\n      .wmx-brand-intro-text p{\r\n        font-size: 14px;\r\n        line-height: 1.75;\r\n      }\r\n    }\r\n  <\/style>\r\n<\/div>\n\t\t<\/div>\n\t<\/div>\n<\/div><\/div><\/div><\/div><div class=\"vc_row-full-width vc_clearfix\"><\/div>\n<\/div>","protected":false},"excerpt":{"rendered":"Legal Kullan\u0131m Ko\u015fullar\u0131 Bu web sitesini kullanan t\u00fcm ziyaret\u00e7iler, a\u015fa\u011f\u0131da belirtilen kullan\u0131m ko\u015fullar\u0131n\u0131 kabul etmi\u015f say\u0131l\u0131r. Worimex, bu ko\u015fullar\u0131 \u00f6nceden","protected":false},"author":1,"featured_media":0,"parent":0,"menu_order":0,"comment_status":"closed","ping_status":"closed","template":"","meta":{"footnotes":""},"class_list":["post-1868","page","type-page","status-publish","hentry"],"_links":{"self":[{"href":"https:\/\/worimex.com\/en\/wp-json\/wp\/v2\/pages\/1868","targetHints":{"allow":["GET"]}}],"collection":[{"href":"https:\/\/worimex.com\/en\/wp-json\/wp\/v2\/pages"}],"about":[{"href":"https:\/\/worimex.com\/en\/wp-json\/wp\/v2\/types\/page"}],"author":[{"embeddable":true,"href":"https:\/\/worimex.com\/en\/wp-json\/wp\/v2\/users\/1"}],"replies":[{"embeddable":true,"href":"https:\/\/worimex.com\/en\/wp-json\/wp\/v2\/comments?post=1868"}],"version-history":[{"count":2,"href":"https:\/\/worimex.com\/en\/wp-json\/wp\/v2\/pages\/1868\/revisions"}],"predecessor-version":[{"id":1874,"href":"https:\/\/worimex.com\/en\/wp-json\/wp\/v2\/pages\/1868\/revisions\/1874"}],"wp:attachment":[{"href":"https:\/\/worimex.com\/en\/wp-json\/wp\/v2\/media?parent=1868"}],"curies":[{"name":"WP","href":"https:\/\/api.w.org\/{rel}","templated":true}]}}