{"id":1312,"date":"2026-03-24T02:58:10","date_gmt":"2026-03-23T23:58:10","guid":{"rendered":"https:\/\/demo.worimex.com\/?page_id=1312"},"modified":"2026-03-24T04:46:25","modified_gmt":"2026-03-24T01:46:25","slug":"news","status":"publish","type":"page","link":"https:\/\/worimex.com\/en\/news\/","title":{"rendered":"News"},"content":{"rendered":"<div class=\"wpb-content-wrapper\"><div data-vc-full-width=\"true\" data-vc-full-width-temp=\"true\" data-vc-full-width-init=\"false\" data-vc-stretch-content=\"true\" class=\"vc_row wpb_row vc_row-fluid vc_custom_1774310362479 vc_row-no-padding wd-rs-69c1d3d7466ce\"><div class=\"wpb_column vc_column_container vc_col-sm-12\"><div class=\"vc_column-inner\"><div class=\"wpb_wrapper\">\n\t<div class=\"wpb_text_column wpb_content_element\" >\n\t\t<div class=\"wpb_wrapper\">\n\t\t\t    <div class=\"bcc-news-page\"\n         data-post-type=\"post\"\n         data-taxonomy=\"category\"\n         data-posts-per-page=\"9\">\n\n        <section class=\"bcc-news-hero\" style=\"background-image:url('\/wp-content\/uploads\/2026\/03\/shutterstock_2194844209-1-1-scaled.webp');\">\n            <div class=\"bcc-news-hero-overlay\"><\/div>\n\n            <div class=\"bcc-news-hero-inner\">\n                <div class=\"bcc-news-breadcrumb\">\n                    <span>HOMEPAGE<\/span>\n                    <span>\/<\/span>\n                    <span>NEWS<\/span>\n                <\/div>\n\n                <div class=\"bcc-news-kicker\">\n                    <span class=\"bcc-news-kicker-line\"><\/span>\n                    <span>DEVELOPMENTS<\/span>\n                <\/div>\n\n                <h1 class=\"bcc-news-title\">Developments<\/h1>\n\n                <div class=\"bcc-news-title-line\"><\/div>\n\n                <p class=\"bcc-news-subtitle\">Corporate developments, industry events and company culture.<\/p>\n            <\/div>\n        <\/section>\n\n        <section class=\"bcc-news-filter-bar\">\n            <div class=\"bcc-news-filter-wrap\">\n                <button class=\"bcc-news-filter active\" data-term=\"all\">All<\/button>\n\n                                                            <button class=\"bcc-news-filter\" data-term=\"etkinlikler\">\n                            Events                        <\/button>\n                                            <button class=\"bcc-news-filter\" data-term=\"fuar\">\n                            Fair                        <\/button>\n                                            <button class=\"bcc-news-filter\" data-term=\"kultur\">\n                            Culture                        <\/button>\n                                            <button class=\"bcc-news-filter\" data-term=\"sirket\">\n                            Company                        <\/button>\n                                                <\/div>\n        <\/section>\n\n        <section class=\"bcc-news-list-section\">\n            <div class=\"bcc-news-grid\" id=\"bcc-news-grid\">\n                            <article class=\"bcc-news-card\">\n                <a class=\"bcc-news-card-image-link\" href=\"https:\/\/worimex.com\/en\/duca-aquatherm-moscow-2026\/\">\n                    <div class=\"bcc-news-card-image\">\n                        <img decoding=\"async\" src=\"https:\/\/worimex.com\/wp-content\/uploads\/2026\/03\/aqua-1.webp\" alt=\"DUCA &#8211; Aquatherm Moscow 2026\">\n                    <\/div>\n                <\/a>\n\n                <div class=\"bcc-news-card-body\">\n                    <div class=\"bcc-news-card-meta\">\n                                                    <span class=\"bcc-news-card-category\">FAIR<\/span>\n                                                <span class=\"bcc-news-card-year\">2026<\/span>\n                    <\/div>\n\n                    <h3 class=\"bcc-news-card-title\">\n                        <a href=\"https:\/\/worimex.com\/en\/duca-aquatherm-moscow-2026\/\">DUCA - Aquatherm Moscow 2026<\/a>\n                    <\/h3>\n\n                    <div class=\"bcc-news-card-excerpt\">\n                        DUCA demonstrated its systems approach and engineering perspective on an international platform during Aquatherm Moscow 2026.                    <\/div>\n                <\/div>\n            <\/article>\n                        <article class=\"bcc-news-card\">\n                <a class=\"bcc-news-card-image-link\" href=\"https:\/\/worimex.com\/en\/yeni-uretim-tesisi\/\">\n                    <div class=\"bcc-news-card-image\">\n                        <img decoding=\"async\" src=\"https:\/\/worimex.com\/wp-content\/uploads\/2026\/03\/haber1-1.webp\" alt=\"Yeni \u00dcretim Tesisi\">\n                    <\/div>\n                <\/a>\n\n                <div class=\"bcc-news-card-body\">\n                    <div class=\"bcc-news-card-meta\">\n                                                    <span class=\"bcc-news-card-category\">COMPANY<\/span>\n                                                <span class=\"bcc-news-card-year\">2026<\/span>\n                    <\/div>\n\n                    <h3 class=\"bcc-news-card-title\">\n                        <a href=\"https:\/\/worimex.com\/en\/yeni-uretim-tesisi\/\">New Production Facility<\/a>\n                    <\/h3>\n\n                    <div class=\"bcc-news-card-excerpt\">\n                        Worimex moved its production operations to its modern facility with a closed area of 6,000 m\u00b2. The new production campus takes operational efficiency to the next level with its advanced machinery infrastructure, ERP-supported production system and scalable production capacity.                    <\/div>\n                <\/div>\n            <\/article>\n                        <article class=\"bcc-news-card\">\n                <a class=\"bcc-news-card-image-link\" href=\"https:\/\/worimex.com\/en\/isk-sodex-2025\/\">\n                    <div class=\"bcc-news-card-image\">\n                        <img decoding=\"async\" src=\"https:\/\/worimex.com\/wp-content\/uploads\/2026\/03\/haber2-1.webp\" alt=\"ISK-SODEX 2025\">\n                    <\/div>\n                <\/a>\n\n                <div class=\"bcc-news-card-body\">\n                    <div class=\"bcc-news-card-meta\">\n                                                    <span class=\"bcc-news-card-category\">EVENTS<\/span>\n                                                <span class=\"bcc-news-card-year\">2026<\/span>\n                    <\/div>\n\n                    <h3 class=\"bcc-news-card-title\">\n                        <a href=\"https:\/\/worimex.com\/en\/isk-sodex-2025\/\">ISK-SODEX 2025<\/a>\n                    <\/h3>\n\n                    <div class=\"bcc-news-card-excerpt\">\n                        As Worimex, we successfully completed ISK-SODEX 2025. It was a productive organization where we came together with industry professionals, shared our OEM solutions and developed new collaborations.                    <\/div>\n                <\/div>\n            <\/article>\n                        <article class=\"bcc-news-card\">\n                <a class=\"bcc-news-card-image-link\" href=\"https:\/\/worimex.com\/en\/great-place-to-work-sertifikasi\/\">\n                    <div class=\"bcc-news-card-image\">\n                        <img decoding=\"async\" src=\"https:\/\/worimex.com\/wp-content\/uploads\/2026\/03\/gptw-1.webp\" alt=\"Great Place to Work Sertifikas\u0131\">\n                    <\/div>\n                <\/a>\n\n                <div class=\"bcc-news-card-body\">\n                    <div class=\"bcc-news-card-meta\">\n                                                    <span class=\"bcc-news-card-category\">CULTURE<\/span>\n                                                <span class=\"bcc-news-card-year\">2026<\/span>\n                    <\/div>\n\n                    <h3 class=\"bcc-news-card-title\">\n                        <a href=\"https:\/\/worimex.com\/en\/great-place-to-work-sertifikasi\/\">Great Place to Work Certificate<\/a>\n                    <\/h3>\n\n                    <div class=\"bcc-news-card-excerpt\">\n                        Worimex has once again been awarded the Great Place to Work\u00ae Certified title. This success is one of the most important indicators of our strong team culture, mutual trust and our understanding of co-production. Our organizational structure, which puts employee experience at the center, reflects our commitment to sustainable success.                    <\/div>\n                <\/div>\n            <\/article>\n                        <\/div>\n\n            <div class=\"bcc-news-loading\" id=\"bcc-news-loading\" style=\"display:none;\">\n                Loading content...\n            <\/div>\n        <\/section>\n    <\/div>\n    \n\n\t\t<\/div>\n\t<\/div>\n<\/div><\/div><\/div><\/div><div class=\"vc_row-full-width vc_clearfix\"><\/div>\n<\/div>","protected":false},"excerpt":{"rendered":"Great Place to Work\u00ae sertifikasyonu, i\u015fyeri k\u00fclt\u00fcr\u00fc i\u00e7in en sayg\u0131n global referanslardan biridir. \u00c7al\u0131\u015fan g\u00fcvenini, gururunu ve aidiyet duygusunu yans\u0131t\u0131r.","protected":false},"author":1,"featured_media":0,"parent":0,"menu_order":0,"comment_status":"closed","ping_status":"closed","template":"","meta":{"footnotes":""},"class_list":["post-1312","page","type-page","status-publish","hentry"],"_links":{"self":[{"href":"https:\/\/worimex.com\/en\/wp-json\/wp\/v2\/pages\/1312","targetHints":{"allow":["GET"]}}],"collection":[{"href":"https:\/\/worimex.com\/en\/wp-json\/wp\/v2\/pages"}],"about":[{"href":"https:\/\/worimex.com\/en\/wp-json\/wp\/v2\/types\/page"}],"author":[{"embeddable":true,"href":"https:\/\/worimex.com\/en\/wp-json\/wp\/v2\/users\/1"}],"replies":[{"embeddable":true,"href":"https:\/\/worimex.com\/en\/wp-json\/wp\/v2\/comments?post=1312"}],"version-history":[{"count":5,"href":"https:\/\/worimex.com\/en\/wp-json\/wp\/v2\/pages\/1312\/revisions"}],"predecessor-version":[{"id":1365,"href":"https:\/\/worimex.com\/en\/wp-json\/wp\/v2\/pages\/1312\/revisions\/1365"}],"wp:attachment":[{"href":"https:\/\/worimex.com\/en\/wp-json\/wp\/v2\/media?parent=1312"}],"curies":[{"name":"WP","href":"https:\/\/api.w.org\/{rel}","templated":true}]}}